{"id":965,"date":"2023-12-16T10:40:32","date_gmt":"2023-12-16T10:40:32","guid":{"rendered":"https:\/\/zaza-lab.com\/uslovi-koriscenja\/"},"modified":"2026-01-05T14:24:36","modified_gmt":"2026-01-05T14:24:36","slug":"uslovi-koriscenja","status":"publish","type":"page","link":"https:\/\/zaza-lab.com\/sr\/uslovi-koriscenja\/","title":{"rendered":"Terms and Conditions"},"content":{"rendered":"<div class=\"fusion-fullwidth fullwidth-box fusion-builder-row-1 fusion-flex-container nonhundred-percent-fullwidth non-hundred-percent-height-scrolling\" style=\"--awb-border-radius-top-left:0px;--awb-border-radius-top-right:0px;--awb-border-radius-bottom-right:0px;--awb-border-radius-bottom-left:0px;\" ><div class=\"fusion-builder-row fusion-row fusion-flex-align-items-flex-start\" style=\"max-width:calc( 1336px + 48px );margin-left: calc(-48px \/ 2 );margin-right: calc(-48px \/ 2 );\"><div class=\"fusion-layout-column fusion_builder_column fusion-builder-column-0 fusion_builder_column_1_1 1_1 fusion-flex-column\" style=\"--awb-bg-size:cover;--awb-width-large:100%;--awb-margin-top-large:0px;--awb-spacing-right-large:24px;--awb-margin-bottom-large:0px;--awb-spacing-left-large:24px;--awb-width-medium:100%;--awb-spacing-right-medium:24px;--awb-spacing-left-medium:24px;--awb-width-small:100%;--awb-spacing-right-small:24px;--awb-spacing-left-small:24px;\"><div class=\"fusion-column-wrapper fusion-flex-justify-content-flex-start fusion-content-layout-column\"><div class=\"fusion-text fusion-text-1\"><p>Dobrodo\u0161li u ZAZALAB!<\/p>\n<p>Ovi uslovi i odredbe opisuju pravila i propise za kori\u0161c\u0301enje ZAZALAB-ove veb stranice, koja se nalazi na https:\/\/zaza-lab.com\/.<\/p>\n<p>Pristupanjem ovoj veb stranici potvr\u0111ujete da u potpunosti prihvatate sve uslove i odredbe za kori\u0161\u010denje veb stranice. Molimo da ne nastavljate da koristite ZAZALAB stanicu ukoliko ne pristajete da prihvatite sve odredbe i uslove navedene na ovoj stranici.<\/p>\n<p>Sledec\u0301a terminologija se primenjuje na ove uslove kori\u0161\u0107enja, izjavu o privatnosti, obave\u0161tenje o odricanju odgovornosti i sve ostale sporazume: \u201eKlijent\u201c, \u201eVi\u201c i \u201eVa\u0161\u201c se odnosi na vas, osobu koja se prijavljuje na ovu veb lokaciju, odnosno osobu ili osobe koje treba da koriste stranicu u skladu sa uslovima kompanije. \u201eKompanija\u201c, \u201eMi\u201c, \u201eNa\u0161&#8220;, \u201eNa\u0161i\u201c i \u201eNas\u201c, odnose se na na\u0161u kompaniju ZAZALAB. \u201eStrana\u201c, \u201eStranke\u201c ili \u201eMi\u201c odnosi se i na Klijenta i na\u0161u kompaniju. Svi uslovi se odnose na ponudu, prihvatanje i razmatranje procesa neophodnog za preduzimanje i pru\u017eanje usluge Klijentu na najprikladniji na\u010din u izri\u010ditoj svrsi zadovoljenja potreba Klijenta u pogledu pru\u017eanja navedenih usluga kompanije, u skladu sa va\u017eec\u0301im zakonima Republike Slovenije i EU. Svaka upotreba gornje terminologije ili drugih re\u010di u jednini, mno\u017eini, velikim slovima i\/ili on\/ona ili oni, smatraju se zamenljivim i stoga se odnose na isto.<\/p>\n<h3><strong>Kola\u010di\u0107i<\/strong><\/h3>\n<p>Na na\u0161oj ZAZALAB veb stranici upotrebljavamo kola\u010di\u0107e. Pristupanjem ZAZALAB veb stranice, pristali ste da koristite kola\u010dic\u0301e u skladu sa ZAZALAB-ovom politikom privatnosti.<\/p>\n<p>Vec\u0301ina interaktivnih veb lokacija koristi kola\u010dic\u0301e kako bi nam omoguc\u0301ili da preuzmemo podatke o korisniku za svaku posetu. Na\u0161a veb stranica koristi kola\u010dic\u0301e da bi omoguc\u0301ila funkcionalnost odre\u0111enih oblasti kako bi se olak\u0161ao pristup sard\u017eaju ljudima koji posec\u0301uju na\u0161u veb stanicu. Neki od na\u0161ih pridru\u017eenih\/reklamnih partnera tako\u0111e mogu da koriste kola\u010dic\u0301e.<\/p>\n<h3><strong>Licenca<\/strong><\/h3>\n<p>Osim ako nije druga\u010dije navedeno, ZAZALAB i\/ili njegovi davaoci licence poseduju prava intelektualne svojine za \u010ditavu kompaniju ZAZALAB, kao i za sav materijal na ZAZALAB veb stranici. Sva prava intelektualne svojine su zadr\u017eana. Materijalu mo\u017eete pristupiti sa ZAZALAB veb stranice za svoju li\u010dnu upotrebu podlo\u017eno ograni\u010denjima postavljenim u ovim uslovima i odredbama za kori\u0161\u0107enje.<\/p>\n<p>Ne smete:<\/p>\n<ul>\n<li>Upotrebljavati bez dozvole i ponovo objaviti materijal in informacije ZAZALAB-a<\/li>\n<li>Prodajati, iznajmljivati ili davati podlicencu za sav materijal i informacije ZAZALAB-a<\/li>\n<li>Umno\u017eavati, reproducirati ili kopirati informacije i materijal ZAZALAB-a<\/li>\n<li>Redistribuirati sadr\u017eaj i infomacije ZAZALAB-a<\/li>\n<\/ul>\n<p>Ovaj sporazum po\u010dinje da va\u017ei na dana\u0161nji dan, odnostno na dan va\u0161eg pristupanja ZAZALAB veb stranici ili na dan kontaktiranja ZAZALAB zaposlenih.<\/p>\n<p>Delovi ove veb stranice pru\u017eaju moguc\u0301nost korisnicima da objavljuju i razmenjuju mi\u0161ljenja i informacije u odre\u0111enim oblastima veb stranice. ZAZALAB ne filtrira, ne ure\u0111uje, ne objavljuje niti pregledava komentare pre njihovog objavljivanja na veb stranici. Komentari ne odra\u017eavaju stavove niti mi\u0161ljenja ZAZALAB-a, njegovih agenata i\/ili povezanih lica. Komentari odra\u017eavaju stavove i mi\u0161ljenja osobe koja postavlja i objavljuje svoje stavove i mi\u0161ljenja. U meri u kojoj je to dozvoljeno va\u017eec\u0301im zakonima, ZAZALAB nec\u0301e biti odgovoran za komentare niti snositi bilo kakvu odgovornost, \u0161tetu ili tro\u0161kove prouzrokovane i\/ili pretrpljene kao rezultat bilo kakvog kori\u0161c\u0301enja i\/ili objavljivanja i\/ili pojavljivanja komentara na ovom veb sajtu.<\/p>\n<p>ZAZALAB zadr\u017eava pravo da prati sve komentare i da uklanja sve komentare koji se mogu smatrati neprikladnim, uvredljivim ili da prouzrokuju kr\u0161enje ovih uslova kori\u0161\u0107enja.<\/p>\n<p>Daljom upotrebom veb stranice i interakcijom sa ZAZALAB-om garantujete i potvr\u0111ujete da:<\/p>\n<ul>\n<li>Imate pravo da postavljate komentare na na\u0161oj veb stranici i imate sve potrebne licence i saglasnosti za to;<\/li>\n<li>Komentari ne zadiru u bilo koje pravo intelektualne svojine, autorskih prava, patenata ili \u017eigova\/logova bilo koje trec\u0301e strane;<\/li>\n<li>Komentari ne sadr\u017ee nikakav poni\u017eavaju\u0107i, klevetni\u010dki, uvredljiv, nepristojan ili na drugi na\u010din nezakonit materijal koji predstavlja naru\u0161avanje privatnosti<\/li>\n<li>Komentari se nec\u0301e koristiti za tra\u017eenje ili promovisanje poslovanja, predstavljanje komercijalnih aktivnosti ili nezakonitih aktivnosti.<\/li>\n<\/ul>\n<p>Ovim dajete kompaniji ZAZALAB neekskluzivnu licencu za kori\u0161c\u0301enje, reprodukciju, ure\u0111ivanje i ovla\u0161c\u0301ivanje drugih da koriste, reprodukuju i ure\u0111uju bilo koji od va\u0161ih komentara u bilo kom obliku, formatu ili mediju.<\/p>\n<h3><strong>Hiperlink-ovi do na\u0161eg sadr\u017eaja<\/strong><\/h3>\n<p>Sledec\u0301e organizacije mogu da povezuju na\u0161u veb stranicu bez prethodnog pismenog odobrenja:<\/p>\n<ul>\n<li>Vladine agencije;<\/li>\n<li>Internet pretra\u017eiva\u010di;<\/li>\n<li>Novinarske organizacije<\/li>\n<li>Distributeri onlajn direktorija (imenika) mogu da povezuju na\u0161u veb lokaciju na isti na\u010din kao \u0161to hiperlink-uju ka veb sajtovima drugih navedenih preduzec\u0301a; i<\/li>\n<li>Sistemski akreditovana preduzec\u0301a osim neprofitnih organizacija, dobrotvornih trgova\u010dkih centara i dobrotvornih grupa za prikupljanje sredstava koje ne smeju imati hiperlink do na\u0161e veb lokacije.<\/li>\n<\/ul>\n<p>Ove organizacije mogu da povezuju na\u0161u po\u010detnu stranicu, publikacije ili druge informacije o veb stranici sve dok veza (link): (a) nije ni na koji na\u010din varljiv ili obmanjuje; (b) ne implicira la\u017eno sponzorstvo, podr\u0161ku ili odobrenje strane koja povezuje (link-uje) i njenih proizvoda i\/ili usluga; i (c) uklapa se u kontekst sajta strane koja povezuje (link-uje).<\/p>\n<p>Mo\u017eemo razmotriti i odobriti druge zahteve za povezivanje (link-ovanje) od sledec\u0301ih tipova organizacija:<\/p>\n<ul>\n<li>op\u0161tepoznati izvori informacija o potro\u0161a\u010dima i\/ili poslovnim subjektima;<\/li>\n<li>sajtovi zajednice dot.com;<\/li>\n<li>udru\u017eenja ili druge grupe koje predstavljaju dobrotvorne organizacije;<\/li>\n<li>distributeri onlajn direktorijuma (imenika);<\/li>\n<li>internet portali;<\/li>\n<li>ra\u010dunovodstvene, advokatske i konsultantske firme; i<\/li>\n<li>obrazovne ustanove i trgova\u010dka udru\u017eenja.<\/li>\n<\/ul>\n<p>Potencijalno mo\u017eemo odobriti zahteve za povezivanje (link-ovanje) od ovih organizacija ako odlu\u010dimo da: (a) veza (link) nas ne bi u\u010dinila da izgledamo nepovoljno i negativno prema sebi ili prema na\u0161im akreditovanim preduzec\u0301ima; (b) organizacija nema negativnu evidenciju kod nas; (c) korist za nas od vidljivosti hiperlinka nadokna\u0111uje odsustvo ZAZALAB-a; i (d) veza je u kontekstu op\u0161tih informacija o resursima.<\/p>\n<p>Ove organizacije se mogu povezati sa na\u0161om po\u010detnom stranicom sve dok veza: (a) nije ni na koji na\u010din varljiv ili obmanjuje; (b) ne implicira la\u017eno sponzorstvo, podr\u0161ku ili odobrenje strane koja povezuje i njenih proizvoda ili usluga; i (c) uklapa se u kontekst sajta strane koja povezuje (link-uje).<\/p>\n<p>Ako ste jedna od organizacija navedenih iznad i zainteresovani ste za povezivanje (link-ovanje) na na\u0161u veb stranicu, morate nas obavestiti slanjem e-po\u0161te na ZAZALAB (info@zaza-lab.com). Molimo navedite svoje ime, naziv va\u0161e organizacije, kontakt informacije kao i URL va\u0161eg sajta, listu svih URL adresa sa kojih nameravate da se pove\u017eete na na\u0161u veb lokaciju i listu URL adresa na na\u0161oj veb lokaciji na koje \u017eelite da uspostavimo vezu (link). Molimo da sa\u010dekate 2-3 nedelje za odgovor.<\/p>\n<p>Odobrene organizacije mogu povezivati na\u0161u veb stranicu na sledec\u0301i na\u010din:<\/p>\n<ul>\n<li>Kori\u0161c\u0301enjem na\u0161eg korporativnog imena; ili<\/li>\n<li>Kori\u0161c\u0301enjem jedinstvenog lokatora resursa sa kojim se povezuje; ili<\/li>\n<li>Kori\u0161c\u0301enjem bilo kog drugog opisa na\u0161eg veb sajta koji je povezan sa njim i ima smisla u kontekstu i formatu sadr\u017eaja na sajtu strane sa kojom se povezuje.<\/li>\n<\/ul>\n<p>Nije dozvoljena upotreba logotipa ZAZALAB, tipografije ili bilo kog drugog dela ZAZALAB brenda za povezivanje bez ugovora o licenciranju \u017eiga.<\/p>\n<h3><strong>e-Okviri (iFrames)<\/strong><\/h3>\n<p>Bez prethodnog odobrenja i pismene dozvole, ne smete da kreirate okvire oko na\u0161ih veb stranica koji na bilo koji na\u010din menjaju vizuelnu prezentaciju ili izgled na\u0161e veb stranice.<\/p>\n<h3><strong>Odgovornost za sadr\u017eaj<\/strong><\/h3>\n<p>Nec\u0301emo biti odgovorni za bilo koji sadr\u017eaj koji se pojavljuje na va\u0161oj veb stranici. Saglasni ste da nas \u0161titite i branite od svih potra\u017eivanja koje se pojavljuju na va\u0161oj veb stranici. Nijedna veza(e) (link) ne sme da se pojavljuje na bilo kojoj veb lokaciji koja se mo\u017ee protuma\u010diti kao klevetni\u010dka, opscena ili kriminalna, ili koja na bilo koji na\u010din kr\u0161i, ili zagovara kr\u0161enje bilo kog prava ili bilo koje kr\u0161enje prava trec\u0301ih strana.<\/p>\n<h3><strong>Zadr\u017eana prava<\/strong><\/h3>\n<p>Zadr\u017eavamo pravo da zahtevamo da uklonite sve veze ili bilo koju odre\u0111enu vezu (link) do na\u0161e veb stranice. Saglasni ste da na na\u0161 zahtev odmah uklonite sve veze ka na\u0161oj veb stranici. Tako\u0111e zadr\u017eavamo pravo da izmenimo ove odredbe i uslove i njihovu politiku povezivanja u bilo kom trenutku. Upotrebom na\u0161e veb stranice i povezivanjem na na\u0161u veb stranicu, saglasni ste da ste u obavezi da se pridr\u017eavate ovih uslova kori\u0161\u0107enja i odredbi za povezivanja sa na\u0161om veb stranicom.<\/p>\n<h3><strong>Uklanjanje veza (link-ova) sa na\u0161e veb stranice<\/strong><\/h3>\n<p>Ako prona\u0111ete bilo koju vezu (link) na na\u0161oj veb stranici koja je uvredljiva iz bilo kog razloga, slobodni ste da nas kontaktirate i obavestite nas u bilo kom trenutku. Razmotric\u0301emo zahteve za uklanjanje linkova, ali nismo u obavezi da vam direktno odgovorimo.<\/p>\n<p>Ne garantujemo da su informacije na ovoj veb stranici ta\u010dne, ne garantujemo njihovu potpunost ili ta\u010dnost; niti obec\u0301avamo da c\u0301emo obezbediti da veb stranica ostane dostupna ili da se materijal na veb stranici a\u017eurira.<\/p>\n<h3><strong>Odricanje od odgovornosti<\/strong><\/h3>\n<p>U maksimalnoj meri dozvoljenoj va\u017eec\u0301im zakonom, isklju\u010dujemo sve izjave, garancije i uslove koji se odnose na na\u0161u veb stranicu i kori\u0161c\u0301enje ove veb stranice. Ni\u0161ta u ovom odricanju od odgovornosti nec\u0301e:<\/p>\n<ul>\n<li>ograni\u010diti ili isklju\u010diti na\u0161u ili va\u0161u odgovornost za smrt ili li\u010dnu povredu;<\/li>\n<li>ograni\u010diti ili isklju\u010diti na\u0161u ili va\u0161u odgovornost za prevaru ili la\u017eno la\u017eno predstavljanje;<\/li>\n<li>ograni\u010diti bilo koju na\u0161u ili va\u0161u odgovornost koja ni na koji na\u010din nije dozvoljena va\u017eec\u0301im zakonom; ili<\/li>\n<li>isklju\u010diti bilo koju na\u0161u ili va\u0161u obavezu koja ne mo\u017ee biti isklju\u010dena prema va\u017eec\u0301em zakonu.<\/li>\n<\/ul>\n<p>Ograni\u010denja i zabrane odgovornosti postavljene u ovom odeljku i drugde u ovom odricanju odgovornosti: (a) podle\u017eu prethodnom paragrafu; i (b) reguli\u0161u sve obaveze koje proizilaze iz odricanja odgovornosti, uklju\u010dujuc\u0301i obaveze koje proizilaze iz ugovora, od delikta i zbog kr\u0161enja zakonske obaveze.<\/p>\n<p>Sve dok se veb stranica, informacije i usluge na veb lokaciji pru\u017eaju besplatno, nec\u0301emo biti odgovorni za bilo kakav gubitak ili \u0161tetu bilo koje prirode.<\/p>\n<\/div><\/div><\/div><\/div><\/div>\n","protected":false},"excerpt":{"rendered":"","protected":false},"author":1,"featured_media":0,"parent":0,"menu_order":0,"comment_status":"closed","ping_status":"closed","template":"100-width.php","meta":{"footnotes":""},"class_list":["post-965","page","type-page","status-publish","hentry"],"yoast_head":"<!-- This site is optimized with the Yoast SEO plugin v25.6 - https:\/\/yoast.com\/wordpress\/plugins\/seo\/ -->\n<title>Terms and Conditions - ZAZALAB<\/title>\n<meta name=\"robots\" content=\"index, follow, max-snippet:-1, max-image-preview:large, max-video-preview:-1\" \/>\n<link rel=\"canonical\" href=\"https:\/\/zaza-lab.com\/sr\/uslovi-koriscenja\/\" \/>\n<meta property=\"og:locale\" content=\"sr_RS\" \/>\n<meta property=\"og:type\" content=\"article\" \/>\n<meta property=\"og:title\" content=\"Terms and Conditions - ZAZALAB\" \/>\n<meta property=\"og:url\" content=\"https:\/\/zaza-lab.com\/sr\/uslovi-koriscenja\/\" \/>\n<meta property=\"og:site_name\" content=\"ZAZALAB\" \/>\n<meta property=\"article:modified_time\" content=\"2026-01-05T14:24:36+00:00\" \/>\n<meta name=\"twitter:card\" content=\"summary_large_image\" \/>\n<meta name=\"twitter:label1\" content=\"\u041f\u0440\u043e\u0446\u0435\u045a\u0435\u043d\u043e \u0432\u0440\u0435\u043c\u0435 \u0447\u0438\u0442\u0430\u045a\u0430\" \/>\n\t<meta name=\"twitter:data1\" content=\"9 \u043c\u0438\u043d\u0443\u0442\u0430\" \/>\n<script type=\"application\/ld+json\" class=\"yoast-schema-graph\">{\"@context\":\"https:\/\/schema.org\",\"@graph\":[{\"@type\":\"WebPage\",\"@id\":\"https:\/\/zaza-lab.com\/sr\/uslovi-koriscenja\/\",\"url\":\"https:\/\/zaza-lab.com\/sr\/uslovi-koriscenja\/\",\"name\":\"Terms and Conditions - ZAZALAB\",\"isPartOf\":{\"@id\":\"https:\/\/zaza-lab.com\/#website\"},\"datePublished\":\"2023-12-16T10:40:32+00:00\",\"dateModified\":\"2026-01-05T14:24:36+00:00\",\"breadcrumb\":{\"@id\":\"https:\/\/zaza-lab.com\/sr\/uslovi-koriscenja\/#breadcrumb\"},\"inLanguage\":\"sr-RS\",\"potentialAction\":[{\"@type\":\"ReadAction\",\"target\":[\"https:\/\/zaza-lab.com\/sr\/uslovi-koriscenja\/\"]}]},{\"@type\":\"BreadcrumbList\",\"@id\":\"https:\/\/zaza-lab.com\/sr\/uslovi-koriscenja\/#breadcrumb\",\"itemListElement\":[{\"@type\":\"ListItem\",\"position\":1,\"name\":\"Home\",\"item\":\"https:\/\/zaza-lab.com\/sr\/\"},{\"@type\":\"ListItem\",\"position\":2,\"name\":\"Terms and Conditions\"}]},{\"@type\":\"WebSite\",\"@id\":\"https:\/\/zaza-lab.com\/#website\",\"url\":\"https:\/\/zaza-lab.com\/\",\"name\":\"ZAZALAB\",\"description\":\"One place. Many solutions.\",\"publisher\":{\"@id\":\"https:\/\/zaza-lab.com\/#organization\"},\"potentialAction\":[{\"@type\":\"SearchAction\",\"target\":{\"@type\":\"EntryPoint\",\"urlTemplate\":\"https:\/\/zaza-lab.com\/?s={search_term_string}\"},\"query-input\":{\"@type\":\"PropertyValueSpecification\",\"valueRequired\":true,\"valueName\":\"search_term_string\"}}],\"inLanguage\":\"sr-RS\"},{\"@type\":\"Organization\",\"@id\":\"https:\/\/zaza-lab.com\/#organization\",\"name\":\"ZAZALAB\",\"url\":\"https:\/\/zaza-lab.com\/\",\"logo\":{\"@type\":\"ImageObject\",\"inLanguage\":\"sr-RS\",\"@id\":\"https:\/\/zaza-lab.com\/#\/schema\/logo\/image\/\",\"url\":\"https:\/\/zaza-lab.com\/wp-content\/uploads\/2023\/02\/zazalab-logo.svg\",\"contentUrl\":\"https:\/\/zaza-lab.com\/wp-content\/uploads\/2023\/02\/zazalab-logo.svg\",\"width\":548,\"height\":135,\"caption\":\"ZAZALAB\"},\"image\":{\"@id\":\"https:\/\/zaza-lab.com\/#\/schema\/logo\/image\/\"}}]}<\/script>\n<!-- \/ Yoast SEO plugin. -->","yoast_head_json":{"title":"Terms and Conditions - ZAZALAB","robots":{"index":"index","follow":"follow","max-snippet":"max-snippet:-1","max-image-preview":"max-image-preview:large","max-video-preview":"max-video-preview:-1"},"canonical":"https:\/\/zaza-lab.com\/sr\/uslovi-koriscenja\/","og_locale":"sr_RS","og_type":"article","og_title":"Terms and Conditions - ZAZALAB","og_url":"https:\/\/zaza-lab.com\/sr\/uslovi-koriscenja\/","og_site_name":"ZAZALAB","article_modified_time":"2026-01-05T14:24:36+00:00","twitter_card":"summary_large_image","twitter_misc":{"\u041f\u0440\u043e\u0446\u0435\u045a\u0435\u043d\u043e \u0432\u0440\u0435\u043c\u0435 \u0447\u0438\u0442\u0430\u045a\u0430":"9 \u043c\u0438\u043d\u0443\u0442\u0430"},"schema":{"@context":"https:\/\/schema.org","@graph":[{"@type":"WebPage","@id":"https:\/\/zaza-lab.com\/sr\/uslovi-koriscenja\/","url":"https:\/\/zaza-lab.com\/sr\/uslovi-koriscenja\/","name":"Terms and Conditions - ZAZALAB","isPartOf":{"@id":"https:\/\/zaza-lab.com\/#website"},"datePublished":"2023-12-16T10:40:32+00:00","dateModified":"2026-01-05T14:24:36+00:00","breadcrumb":{"@id":"https:\/\/zaza-lab.com\/sr\/uslovi-koriscenja\/#breadcrumb"},"inLanguage":"sr-RS","potentialAction":[{"@type":"ReadAction","target":["https:\/\/zaza-lab.com\/sr\/uslovi-koriscenja\/"]}]},{"@type":"BreadcrumbList","@id":"https:\/\/zaza-lab.com\/sr\/uslovi-koriscenja\/#breadcrumb","itemListElement":[{"@type":"ListItem","position":1,"name":"Home","item":"https:\/\/zaza-lab.com\/sr\/"},{"@type":"ListItem","position":2,"name":"Terms and Conditions"}]},{"@type":"WebSite","@id":"https:\/\/zaza-lab.com\/#website","url":"https:\/\/zaza-lab.com\/","name":"ZAZALAB","description":"One place. Many solutions.","publisher":{"@id":"https:\/\/zaza-lab.com\/#organization"},"potentialAction":[{"@type":"SearchAction","target":{"@type":"EntryPoint","urlTemplate":"https:\/\/zaza-lab.com\/?s={search_term_string}"},"query-input":{"@type":"PropertyValueSpecification","valueRequired":true,"valueName":"search_term_string"}}],"inLanguage":"sr-RS"},{"@type":"Organization","@id":"https:\/\/zaza-lab.com\/#organization","name":"ZAZALAB","url":"https:\/\/zaza-lab.com\/","logo":{"@type":"ImageObject","inLanguage":"sr-RS","@id":"https:\/\/zaza-lab.com\/#\/schema\/logo\/image\/","url":"https:\/\/zaza-lab.com\/wp-content\/uploads\/2023\/02\/zazalab-logo.svg","contentUrl":"https:\/\/zaza-lab.com\/wp-content\/uploads\/2023\/02\/zazalab-logo.svg","width":548,"height":135,"caption":"ZAZALAB"},"image":{"@id":"https:\/\/zaza-lab.com\/#\/schema\/logo\/image\/"}}]}},"_links":{"self":[{"href":"https:\/\/zaza-lab.com\/sr\/wp-json\/wp\/v2\/pages\/965","targetHints":{"allow":["GET"]}}],"collection":[{"href":"https:\/\/zaza-lab.com\/sr\/wp-json\/wp\/v2\/pages"}],"about":[{"href":"https:\/\/zaza-lab.com\/sr\/wp-json\/wp\/v2\/types\/page"}],"author":[{"embeddable":true,"href":"https:\/\/zaza-lab.com\/sr\/wp-json\/wp\/v2\/users\/1"}],"replies":[{"embeddable":true,"href":"https:\/\/zaza-lab.com\/sr\/wp-json\/wp\/v2\/comments?post=965"}],"version-history":[{"count":8,"href":"https:\/\/zaza-lab.com\/sr\/wp-json\/wp\/v2\/pages\/965\/revisions"}],"predecessor-version":[{"id":1117,"href":"https:\/\/zaza-lab.com\/sr\/wp-json\/wp\/v2\/pages\/965\/revisions\/1117"}],"wp:attachment":[{"href":"https:\/\/zaza-lab.com\/sr\/wp-json\/wp\/v2\/media?parent=965"}],"curies":[{"name":"wp","href":"https:\/\/api.w.org\/{rel}","templated":true}]}}