{"id":609,"date":"2023-02-24T04:28:14","date_gmt":"2023-02-24T04:28:14","guid":{"rendered":"https:\/\/zaza-lab.com\/?page_id=609"},"modified":"2026-01-05T14:27:00","modified_gmt":"2026-01-05T14:27:00","slug":"pravila-privatnosti","status":"publish","type":"page","link":"https:\/\/zaza-lab.com\/sr\/pravila-privatnosti\/","title":{"rendered":"Pravila privatnosti"},"content":{"rendered":"\n<h2 class=\"wp-block-heading\">O nama<\/h2>\n\n<p>Na\u0161a internet stranica je: https:\/\/zaza-lab.com. Daljim kori\u0161c\u0301enjem na\u0161e veb stranice potvr\u0111ujete da se sla\u017eete sa uslovima upotrebe i pravilima privatnosti.<\/p>\n\n<h2 class=\"wp-block-heading\">Komentari<\/h2>\n\n<p>Kada posetioci ostave komentare na sajtu, prikupljamo podatke prikazane u obrascu za komentare, kao i IP adresu posetioca i string korisni\u010dkog agenta pretra\u017eiva\u010da kako bismo pomogli u otkrivanju ne\u017eeljene po\u0161te.<\/p>\n\n<p>Anonimizovani string kreiran od va\u0161e adrese e-po\u0161te (koji se naziva i he\u0161) mo\u017ee biti dostavljen Gravatar servisu da se proveri da li ga koristite. Politika privatnosti usluge Gravatar dostupna je ovde: https:\/\/automattic.com\/privaci\/. Nakon odobrenja va\u0161eg komentara, va\u0161a profilna slika je vidljiva javnosti u kontekstu va\u0161eg komentara.<\/p>\n\n<h2 class=\"wp-block-heading\">Mediji<\/h2>\n\n<p>Ako otpremate slike na veb lokaciju, trebalo bi da izbegavate otpremanje slika sa uklju\u010denim podacima o lokaciji (EKSIF GPS). Posetioci veb lokacije mogu da preuzmu i izvuku bilo koje podatke o lokaciji iz slika na veb lokaciji.<\/p>\n\n<h2 class=\"wp-block-heading\">Kola\u010di\u0107i<\/h2>\n\n<p>Ako ostavite komentar na na\u0161em sajtu, mo\u017eete se odlu\u010diti za \u010duvanje va\u0161eg imena, adrese e-po\u0161te i veb stranice u kola\u010dic\u0301ima Ovo je radi va\u0161e pogodnosti, tako da ne morate ponovo da popunjavate svoje podatke kada ostavljate drugi komentar. Kola\u010dic\u0301i c\u0301e trajati godinu dana.<\/p>\n\n<p>Kada posetite na\u0161u stranicu za prijavu, mi c\u0301emo postaviti privremene kola\u010dic\u0301e kako bismo utvrdili da li va\u0161 pretra\u017eiva\u010d prihvata kola\u010dic\u0301e. Ti kola\u010dic\u0301i ne sadr\u017ee li\u010dne podatke i odbacuju se kada zatvorite pretra\u017eiva\u010d.<\/p>\n\n<p>Kada se prijavite, tako\u0111e c\u0301emo postaviti nekoliko kola\u010dic\u0301a da bismo sa\u010duvali va\u0161e podatke za prijavu i izbor prikaza na ekranu. Kola\u010dic\u0301i za prijavu traju dva dana, a kola\u010dic\u0301i sa opcijama ekrana traju godinu dana. Ako izaberete opciju \u201eZapamti me\u201c, va\u0161a prijava c\u0301e trajati dve nedelje. Ukoliko se odjavite sa svog naloga, kola\u010dic\u0301i za prijavu c\u0301e biti uklonjeni.<\/p>\n\n<p>Kada izmenite ili objavite \u010dlanak, dodatni kola\u010dic\u0301 c\u0301e biti sa\u010duvan u va\u0161em pretra\u017eiva\u010du. Ovaj kola\u010dic\u0301 ne sadr\u017ei va\u0161e li\u010dne podatke i jednostavno samo ukazuje na ID posta \u010dlanka koji ste upravo ure\u0111ivali. Ovaj kolia\u010di\u0107 isti\u010de nakon 1 dana.<\/p>\n\n<h2 class=\"wp-block-heading\">Ugra\u0111eni sadr\u017eaj sa drugih veb lokacija<\/h2>\n\n<p>Stranice na ovom sajtu mogu da sadr\u017ee ugra\u0111eni sadr\u017eaj (npr. video zapise, slike, \u010dlanke itd.). Ugra\u0111eni sadr\u017eaj sa drugih veb lokacija pona\u0161a se na potpuno isti na\u010din kao da je posetilac posetio drugu veb lokaciju.<\/p>\n\n<p>Ovi veb-sajtovi mogu da prikupljaju podatke o vama, koriste kola\u010dic\u0301e, ugra\u0111uju dodatno prac\u0301enje trec\u0301e strane i nadgledaju va\u0161u interakciju sa tim ugra\u0111enim sadr\u017eajem, uklju\u010dujuc\u0301i prac\u0301enje va\u0161e interakcije sa ugra\u0111enim sadr\u017eajem ako imate nalog i prijavljeni ste na tu veb lokaciju.<\/p>\n\n<h2 class=\"wp-block-heading\">Sa kime delimo va\u0161e podatke<\/h2>\n\n<p>Ako zatra\u017eite resetovanje lozinke, va\u0161a IP adresa c\u0301e biti uklju\u010dena u imejl za resetovanje.<\/p>\n\n<h2 class=\"wp-block-heading\">Koliko dugo \u010duvamo va\u0161e podatke<\/h2>\n\n<p>Ako ostavite komentar, komentar i njegovi metapodaci se zadr\u017eavaju neograni\u010deno. Razlog za ovo je da mo\u017eemo automatski prepoznati i odobriti sve naknadne komentare umesto da ih dr\u017eimo u redu za moderiranje.<\/p>\n\n<p>Za korisnike koji se registruju na na\u0161oj veb stranici (ako ih ima), tako\u0111e \u010duvamo li\u010dne podatke koje oni daju u svom korisni\u010dkom profilu. Svi korisnici mogu da vide, izmene ili izbri\u0161u svoje li\u010dne podatke u bilo kom trenutku (osim \u0161to ne mogu da promene svoje korisni\u010dko ime). Administratori veb lokacija tako\u0111e mogu da vide i ure\u0111uju te informacije.<\/p>\n\n<h2 class=\"wp-block-heading\">Prava koja imate nad svojim podacima<\/h2>\n\n<p>Ako imate nalog na ovom sajtu ili ste ostavili komentare, mo\u017eete zatra\u017eiti da dobijete izvezenu datoteku li\u010dnih podataka koje \u010duvamo o vama, uklju\u010dujuc\u0301i sve podatke koje ste nam dostavili. Tako\u0111e mo\u017eete zahtevati da izbri\u0161emo sve li\u010dne podatke koje \u010duvamo o vama. Me\u0111utim, to ne uklju\u010duje podatke koje smo u obavezi da \u010duvamo u administrativne, pravne ili bezbednosne svrhe.<\/p>\n\n<h2 class=\"wp-block-heading\">Gde se \u0161alju va\u0161i podaci<\/h2>\n\n<p>Komentari posetilaca se mogu proveriti putem automatizovane usluge otkrivanja ne\u017eeljene po\u0161te.<\/p>\n","protected":false},"excerpt":{"rendered":"<p>O nama Na\u0161a internet stranica je: https:\/\/zaza-lab.com. Daljim kori\u0161c\u0301enjem na\u0161e [&hellip;]<\/p>\n","protected":false},"author":1,"featured_media":0,"parent":0,"menu_order":0,"comment_status":"closed","ping_status":"closed","template":"","meta":{"footnotes":""},"class_list":["post-609","page","type-page","status-publish","hentry"],"yoast_head":"<!-- This site is optimized with the Yoast SEO plugin v25.6 - https:\/\/yoast.com\/wordpress\/plugins\/seo\/ -->\n<title>Pravila privatnosti - ZAZALAB<\/title>\n<meta name=\"robots\" content=\"index, follow, max-snippet:-1, max-image-preview:large, max-video-preview:-1\" \/>\n<link rel=\"canonical\" href=\"https:\/\/zaza-lab.com\/sr\/pravila-privatnosti\/\" \/>\n<meta property=\"og:locale\" content=\"sr_RS\" \/>\n<meta property=\"og:type\" content=\"article\" \/>\n<meta property=\"og:title\" content=\"Pravila privatnosti - ZAZALAB\" \/>\n<meta property=\"og:description\" content=\"O nama Na\u0161a internet stranica je: https:\/\/zaza-lab.com. Daljim kori\u0161c\u0301enjem na\u0161e [&hellip;]\" \/>\n<meta property=\"og:url\" content=\"https:\/\/zaza-lab.com\/sr\/pravila-privatnosti\/\" \/>\n<meta property=\"og:site_name\" content=\"ZAZALAB\" \/>\n<meta property=\"article:modified_time\" content=\"2026-01-05T14:27:00+00:00\" \/>\n<meta name=\"twitter:card\" content=\"summary_large_image\" \/>\n<meta name=\"twitter:label1\" content=\"\u041f\u0440\u043e\u0446\u0435\u045a\u0435\u043d\u043e \u0432\u0440\u0435\u043c\u0435 \u0447\u0438\u0442\u0430\u045a\u0430\" \/>\n\t<meta name=\"twitter:data1\" content=\"4 \u043c\u0438\u043d\u0443\u0442\u0430\" \/>\n<script type=\"application\/ld+json\" class=\"yoast-schema-graph\">{\"@context\":\"https:\/\/schema.org\",\"@graph\":[{\"@type\":\"WebPage\",\"@id\":\"https:\/\/zaza-lab.com\/sr\/pravila-privatnosti\/\",\"url\":\"https:\/\/zaza-lab.com\/sr\/pravila-privatnosti\/\",\"name\":\"Pravila privatnosti - ZAZALAB\",\"isPartOf\":{\"@id\":\"https:\/\/zaza-lab.com\/#website\"},\"datePublished\":\"2023-02-24T04:28:14+00:00\",\"dateModified\":\"2026-01-05T14:27:00+00:00\",\"breadcrumb\":{\"@id\":\"https:\/\/zaza-lab.com\/sr\/pravila-privatnosti\/#breadcrumb\"},\"inLanguage\":\"sr-RS\",\"potentialAction\":[{\"@type\":\"ReadAction\",\"target\":[\"https:\/\/zaza-lab.com\/sr\/pravila-privatnosti\/\"]}]},{\"@type\":\"BreadcrumbList\",\"@id\":\"https:\/\/zaza-lab.com\/sr\/pravila-privatnosti\/#breadcrumb\",\"itemListElement\":[{\"@type\":\"ListItem\",\"position\":1,\"name\":\"Home\",\"item\":\"https:\/\/zaza-lab.com\/sr\/\"},{\"@type\":\"ListItem\",\"position\":2,\"name\":\"Pravila privatnosti\"}]},{\"@type\":\"WebSite\",\"@id\":\"https:\/\/zaza-lab.com\/#website\",\"url\":\"https:\/\/zaza-lab.com\/\",\"name\":\"ZAZALAB\",\"description\":\"One place. Many solutions.\",\"publisher\":{\"@id\":\"https:\/\/zaza-lab.com\/#organization\"},\"potentialAction\":[{\"@type\":\"SearchAction\",\"target\":{\"@type\":\"EntryPoint\",\"urlTemplate\":\"https:\/\/zaza-lab.com\/?s={search_term_string}\"},\"query-input\":{\"@type\":\"PropertyValueSpecification\",\"valueRequired\":true,\"valueName\":\"search_term_string\"}}],\"inLanguage\":\"sr-RS\"},{\"@type\":\"Organization\",\"@id\":\"https:\/\/zaza-lab.com\/#organization\",\"name\":\"ZAZALAB\",\"url\":\"https:\/\/zaza-lab.com\/\",\"logo\":{\"@type\":\"ImageObject\",\"inLanguage\":\"sr-RS\",\"@id\":\"https:\/\/zaza-lab.com\/#\/schema\/logo\/image\/\",\"url\":\"https:\/\/zaza-lab.com\/wp-content\/uploads\/2023\/02\/zazalab-logo.svg\",\"contentUrl\":\"https:\/\/zaza-lab.com\/wp-content\/uploads\/2023\/02\/zazalab-logo.svg\",\"width\":548,\"height\":135,\"caption\":\"ZAZALAB\"},\"image\":{\"@id\":\"https:\/\/zaza-lab.com\/#\/schema\/logo\/image\/\"}}]}<\/script>\n<!-- \/ Yoast SEO plugin. -->","yoast_head_json":{"title":"Pravila privatnosti - ZAZALAB","robots":{"index":"index","follow":"follow","max-snippet":"max-snippet:-1","max-image-preview":"max-image-preview:large","max-video-preview":"max-video-preview:-1"},"canonical":"https:\/\/zaza-lab.com\/sr\/pravila-privatnosti\/","og_locale":"sr_RS","og_type":"article","og_title":"Pravila privatnosti - ZAZALAB","og_description":"O nama Na\u0161a internet stranica je: https:\/\/zaza-lab.com. Daljim kori\u0161c\u0301enjem na\u0161e [&hellip;]","og_url":"https:\/\/zaza-lab.com\/sr\/pravila-privatnosti\/","og_site_name":"ZAZALAB","article_modified_time":"2026-01-05T14:27:00+00:00","twitter_card":"summary_large_image","twitter_misc":{"\u041f\u0440\u043e\u0446\u0435\u045a\u0435\u043d\u043e \u0432\u0440\u0435\u043c\u0435 \u0447\u0438\u0442\u0430\u045a\u0430":"4 \u043c\u0438\u043d\u0443\u0442\u0430"},"schema":{"@context":"https:\/\/schema.org","@graph":[{"@type":"WebPage","@id":"https:\/\/zaza-lab.com\/sr\/pravila-privatnosti\/","url":"https:\/\/zaza-lab.com\/sr\/pravila-privatnosti\/","name":"Pravila privatnosti - ZAZALAB","isPartOf":{"@id":"https:\/\/zaza-lab.com\/#website"},"datePublished":"2023-02-24T04:28:14+00:00","dateModified":"2026-01-05T14:27:00+00:00","breadcrumb":{"@id":"https:\/\/zaza-lab.com\/sr\/pravila-privatnosti\/#breadcrumb"},"inLanguage":"sr-RS","potentialAction":[{"@type":"ReadAction","target":["https:\/\/zaza-lab.com\/sr\/pravila-privatnosti\/"]}]},{"@type":"BreadcrumbList","@id":"https:\/\/zaza-lab.com\/sr\/pravila-privatnosti\/#breadcrumb","itemListElement":[{"@type":"ListItem","position":1,"name":"Home","item":"https:\/\/zaza-lab.com\/sr\/"},{"@type":"ListItem","position":2,"name":"Pravila privatnosti"}]},{"@type":"WebSite","@id":"https:\/\/zaza-lab.com\/#website","url":"https:\/\/zaza-lab.com\/","name":"ZAZALAB","description":"One place. Many solutions.","publisher":{"@id":"https:\/\/zaza-lab.com\/#organization"},"potentialAction":[{"@type":"SearchAction","target":{"@type":"EntryPoint","urlTemplate":"https:\/\/zaza-lab.com\/?s={search_term_string}"},"query-input":{"@type":"PropertyValueSpecification","valueRequired":true,"valueName":"search_term_string"}}],"inLanguage":"sr-RS"},{"@type":"Organization","@id":"https:\/\/zaza-lab.com\/#organization","name":"ZAZALAB","url":"https:\/\/zaza-lab.com\/","logo":{"@type":"ImageObject","inLanguage":"sr-RS","@id":"https:\/\/zaza-lab.com\/#\/schema\/logo\/image\/","url":"https:\/\/zaza-lab.com\/wp-content\/uploads\/2023\/02\/zazalab-logo.svg","contentUrl":"https:\/\/zaza-lab.com\/wp-content\/uploads\/2023\/02\/zazalab-logo.svg","width":548,"height":135,"caption":"ZAZALAB"},"image":{"@id":"https:\/\/zaza-lab.com\/#\/schema\/logo\/image\/"}}]}},"_links":{"self":[{"href":"https:\/\/zaza-lab.com\/sr\/wp-json\/wp\/v2\/pages\/609","targetHints":{"allow":["GET"]}}],"collection":[{"href":"https:\/\/zaza-lab.com\/sr\/wp-json\/wp\/v2\/pages"}],"about":[{"href":"https:\/\/zaza-lab.com\/sr\/wp-json\/wp\/v2\/types\/page"}],"author":[{"embeddable":true,"href":"https:\/\/zaza-lab.com\/sr\/wp-json\/wp\/v2\/users\/1"}],"replies":[{"embeddable":true,"href":"https:\/\/zaza-lab.com\/sr\/wp-json\/wp\/v2\/comments?post=609"}],"version-history":[{"count":23,"href":"https:\/\/zaza-lab.com\/sr\/wp-json\/wp\/v2\/pages\/609\/revisions"}],"predecessor-version":[{"id":1121,"href":"https:\/\/zaza-lab.com\/sr\/wp-json\/wp\/v2\/pages\/609\/revisions\/1121"}],"wp:attachment":[{"href":"https:\/\/zaza-lab.com\/sr\/wp-json\/wp\/v2\/media?parent=609"}],"curies":[{"name":"wp","href":"https:\/\/api.w.org\/{rel}","templated":true}]}}