{"id":567,"date":"2023-08-08T17:49:26","date_gmt":"2023-08-08T17:49:26","guid":{"rendered":"https:\/\/zaza-lab.com\/regulativa-kozmetickih-proizvoda\/"},"modified":"2026-01-10T20:23:38","modified_gmt":"2026-01-10T20:23:38","slug":"regulativa-kozmetickih-proizvoda","status":"publish","type":"page","link":"https:\/\/zaza-lab.com\/sr\/regulativa-kozmetickih-proizvoda\/","title":{"rendered":"KOZMETI\u010cKA REGULATIVA"},"content":{"rendered":"<p><div class=\"fusion-fullwidth fullwidth-box fusion-builder-row-1 fusion-flex-container has-pattern-background has-mask-background nonhundred-percent-fullwidth non-hundred-percent-height-scrolling\" style=\"--awb-border-radius-top-left:0px;--awb-border-radius-top-right:0px;--awb-border-radius-bottom-right:0px;--awb-border-radius-bottom-left:0px;--awb-padding-top:64px;--awb-padding-bottom:64px;--awb-background-color:var(--awb-color2);\" ><div class=\"fusion-builder-row fusion-row fusion-flex-align-items-stretch\" style=\"max-width:calc( 1336px + 48px );margin-left: calc(-48px \/ 2 );margin-right: calc(-48px \/ 2 );\"><div class=\"fusion-layout-column fusion_builder_column fusion-builder-column-0 fusion_builder_column_1_2 1_2 fusion-flex-column\" style=\"--awb-bg-size:cover;--awb-width-large:50%;--awb-margin-top-large:16px;--awb-spacing-right-large:24px;--awb-margin-bottom-large:16px;--awb-spacing-left-large:24px;--awb-width-medium:100%;--awb-order-medium:0;--awb-spacing-right-medium:24px;--awb-spacing-left-medium:24px;--awb-width-small:100%;--awb-order-small:0;--awb-spacing-right-small:24px;--awb-spacing-left-small:24px;\"><div class=\"fusion-column-wrapper fusion-column-has-shadow fusion-flex-justify-content-center fusion-content-layout-column\"><div class=\"fusion-title title fusion-title-1 fusion-sep-none fusion-title-text fusion-title-size-one\" style=\"--awb-margin-bottom:40px;\"><h1 class=\"title-heading-left fusion-responsive-typography-calculated\" style=\"margin:0;--fontSize:64;line-height:var(--awb-typography1-line-height);\">KOZMETI\u010cKA REGULATIVA<\/h1><\/div><div class=\"fusion-builder-row fusion-builder-row-inner fusion-row fusion-flex-align-items-stretch\" style=\"width:calc( 100% + 48px ) !important;max-width:calc( 100% + 48px ) !important;margin-left: calc(-48px \/ 2 );margin-right: calc(-48px \/ 2 );\"><div class=\"fusion-layout-column fusion_builder_column_inner fusion-builder-nested-column-0 fusion_builder_column_inner_1_1 1_1 fusion-flex-column\" style=\"--awb-bg-size:cover;--awb-width-large:100%;--awb-margin-top-large:16px;--awb-spacing-right-large:24px;--awb-margin-bottom-large:45px;--awb-spacing-left-large:24px;--awb-width-medium:100%;--awb-order-medium:0;--awb-spacing-right-medium:24px;--awb-spacing-left-medium:24px;--awb-width-small:50%;--awb-order-small:0;--awb-spacing-right-small:24px;--awb-spacing-left-small:24px;\"><div class=\"fusion-column-wrapper fusion-column-has-shadow fusion-flex-justify-content-flex-start fusion-content-layout-column\"><div class=\"fusion-text fusion-text-1 fusion-text-no-margin\"><p>Proizveli ste novi kozmeti\u010dki proizvod i sada \u017eelite da ga plasirate na tr\u017ei\u0161te?<br \/>\nDa li vam regulatorni zahtevi izgledaju komplikovano i zbunjujuc\u0301e?<br \/>\nBez brige \u2013 ZazaLab je tu da vam pomogne tokom celog procesa registracije va\u0161ih kozmeti\u010dkih proizvoda.<br \/>\nPitate se \u0161ta prvo da uradite? Prvo izaberite gde nameravate da plasirate svoje proizvode:<\/p>\n<\/div><\/div><\/div><\/div><\/div><\/div><div class=\"fusion-layout-column fusion_builder_column fusion-builder-column-1 fusion_builder_column_1_2 1_2 fusion-flex-column\" style=\"--awb-bg-size:cover;--awb-width-large:50%;--awb-margin-top-large:16px;--awb-spacing-right-large:24px;--awb-margin-bottom-large:16px;--awb-spacing-left-large:24px;--awb-width-medium:100%;--awb-order-medium:2;--awb-spacing-right-medium:24px;--awb-spacing-left-medium:24px;--awb-width-small:100%;--awb-order-small:0;--awb-spacing-right-small:24px;--awb-spacing-left-small:24px;\"><div class=\"fusion-column-wrapper fusion-column-has-shadow fusion-flex-justify-content-flex-start fusion-content-layout-column\"><div class=\"fusion-image-element \" style=\"--awb-caption-title-size:var(--h2_typography-font-size);--awb-caption-title-transform:var(--h2_typography-text-transform);--awb-caption-title-line-height:var(--h2_typography-line-height);--awb-caption-title-letter-spacing:var(--h2_typography-letter-spacing);\"><span class=\" fusion-imageframe imageframe-none imageframe-1 hover-type-none\"><img decoding=\"async\" width=\"1920\" height=\"1080\" title=\"cosmetics-regulation-zazalab\" src=\"https:\/\/zaza-lab.com\/wp-content\/uploads\/2023\/08\/cosmetics-regulation-zazalab.jpg\" alt class=\"img-responsive wp-image-568 disable-lazyload\" srcset=\"https:\/\/zaza-lab.com\/wp-content\/uploads\/2023\/08\/cosmetics-regulation-zazalab-200x113.jpg 200w, https:\/\/zaza-lab.com\/wp-content\/uploads\/2023\/08\/cosmetics-regulation-zazalab-400x225.jpg 400w, https:\/\/zaza-lab.com\/wp-content\/uploads\/2023\/08\/cosmetics-regulation-zazalab-600x338.jpg 600w, https:\/\/zaza-lab.com\/wp-content\/uploads\/2023\/08\/cosmetics-regulation-zazalab-800x450.jpg 800w, https:\/\/zaza-lab.com\/wp-content\/uploads\/2023\/08\/cosmetics-regulation-zazalab-1200x675.jpg 1200w, https:\/\/zaza-lab.com\/wp-content\/uploads\/2023\/08\/cosmetics-regulation-zazalab.jpg 1920w\" sizes=\"(max-width: 768px) 100vw, 800px\" \/><\/span><\/div><\/div><\/div><\/div><\/div><div id=\"Propisi-Evropske-Unije-EU-o-kozmeti\u010dkim-proizvodima\" class=\"fusion-container-anchor\"><div class=\"fusion-fullwidth fullwidth-box fusion-builder-row-2 fusion-flex-container has-pattern-background has-mask-background nonhundred-percent-fullwidth non-hundred-percent-height-scrolling\" style=\"--awb-border-radius-top-left:0px;--awb-border-radius-top-right:0px;--awb-border-radius-bottom-right:0px;--awb-border-radius-bottom-left:0px;--awb-padding-top:64px;--awb-padding-bottom:64px;--awb-background-color:var(--awb-color1);\" ><div class=\"fusion-builder-row fusion-row fusion-flex-align-items-stretch\" style=\"max-width:calc( 1336px + 48px );margin-left: calc(-48px \/ 2 );margin-right: calc(-48px \/ 2 );\"><div class=\"fusion-layout-column fusion_builder_column fusion-builder-column-2 fusion_builder_column_1_2 1_2 fusion-flex-column\" style=\"--awb-bg-size:cover;--awb-width-large:50%;--awb-margin-top-large:16px;--awb-spacing-right-large:24px;--awb-margin-bottom-large:16px;--awb-spacing-left-large:24px;--awb-width-medium:100%;--awb-order-medium:2;--awb-spacing-right-medium:24px;--awb-spacing-left-medium:24px;--awb-width-small:100%;--awb-order-small:0;--awb-spacing-right-small:24px;--awb-spacing-left-small:24px;\"><div class=\"fusion-column-wrapper fusion-column-has-shadow fusion-flex-justify-content-flex-start fusion-content-layout-column\"><div class=\"fusion-image-element \" style=\"text-align:center;--awb-aspect-ratio:1 \/ 1;--awb-caption-title-size:var(--h2_typography-font-size);--awb-caption-title-transform:var(--h2_typography-text-transform);--awb-caption-title-line-height:var(--h2_typography-line-height);--awb-caption-title-letter-spacing:var(--h2_typography-letter-spacing);\"><span class=\" fusion-imageframe imageframe-none imageframe-2 hover-type-none has-aspect-ratio\"><img decoding=\"async\" width=\"814\" height=\"1178\" title=\"a1\" src=\"https:\/\/zaza-lab.com\/wp-content\/uploads\/2023\/02\/a1.jpg\" data-orig-src=\"https:\/\/zaza-lab.com\/wp-content\/uploads\/2023\/02\/a1.jpg\" class=\"lazyload img-responsive wp-image-573 img-with-aspect-ratio\" alt srcset=\"data:image\/svg+xml,%3Csvg%20xmlns%3D%27http%3A%2F%2Fwww.w3.org%2F2000%2Fsvg%27%20width%3D%27814%27%20height%3D%271178%27%20viewBox%3D%270%200%20814%201178%27%3E%3Crect%20width%3D%27814%27%20height%3D%271178%27%20fill-opacity%3D%220%22%2F%3E%3C%2Fsvg%3E\" data-srcset=\"https:\/\/zaza-lab.com\/wp-content\/uploads\/2023\/02\/a1-200x289.jpg 200w, https:\/\/zaza-lab.com\/wp-content\/uploads\/2023\/02\/a1-400x579.jpg 400w, https:\/\/zaza-lab.com\/wp-content\/uploads\/2023\/02\/a1-600x868.jpg 600w, https:\/\/zaza-lab.com\/wp-content\/uploads\/2023\/02\/a1-800x1158.jpg 800w, https:\/\/zaza-lab.com\/wp-content\/uploads\/2023\/02\/a1.jpg 814w\" data-sizes=\"auto\" data-orig-sizes=\"(max-width: 768px) 100vw, 800px\" \/><\/span><\/div><\/div><\/div><div class=\"fusion-layout-column fusion_builder_column fusion-builder-column-3 fusion_builder_column_1_2 1_2 fusion-flex-column\" style=\"--awb-bg-size:cover;--awb-width-large:50%;--awb-margin-top-large:16px;--awb-spacing-right-large:24px;--awb-margin-bottom-large:16px;--awb-spacing-left-large:24px;--awb-width-medium:100%;--awb-order-medium:0;--awb-spacing-right-medium:24px;--awb-spacing-left-medium:24px;--awb-width-small:100%;--awb-order-small:0;--awb-spacing-right-small:24px;--awb-spacing-left-small:24px;\"><div class=\"fusion-column-wrapper fusion-column-has-shadow fusion-flex-justify-content-center fusion-content-layout-column\"><div class=\"fusion-title title fusion-title-2 fusion-sep-none fusion-title-text fusion-title-size-three\" style=\"--awb-margin-bottom:35px;\"><h3 class=\"title-heading-left fusion-responsive-typography-calculated\" style=\"margin:0;--fontSize:36;line-height:var(--awb-typography1-line-height);\">Propisi Evropske Unije (EU) o kozmeti\u010dkim proizvodima<\/h3><\/div><div class=\"fusion-text fusion-text-2 fusion-text-no-margin\" style=\"--awb-margin-bottom:50px;\"><p>Ako ste odlu\u010dili da svoj proizvod prodajete u zemljama Evropske unije (EU) va\u0161a obaveza je da:<\/p>\n<ol>\n<li>Proizvodite (ili uvozite) kozmeti\u010dke proizvode prema standardima dobre proizvo\u0111a\u010dke prakse (GMP) za kozmetiku (ISO 22716)<\/li>\n<li>Prema smernicama EC1223\/2009 odredite odgovorno lice, \u010diji je osnovni zadatak da se pobrine da kozmeti\u010dki proizvodi koji se plasiraju na tr\u017ei\u0161te EU budu bezbedni za zdravlje ljudi i uskla\u0111eni sa relevantnim propisima<\/li>\n<li>Objavite va\u0161e proizvode na portalu za obave\u0161tavanje o kozmeti\u010dkim proizvodima (CPNP portal)<\/li>\n<li>Pripremite izve\u0161taj\/dosije o bezbednosti kozmeti\u010dkog proizvoda (PIF) za sve va\u0161e kozmeto\u010dke proizvode koje proizvodite i\/ili uvozite<\/li>\n<li>Sledite ostalim nacionalnim zahtevima koji su specifi\u010dni za svaku zemlju.<\/li>\n<\/ol>\n<\/div><\/div><\/div><\/div><\/div><\/div><div id=\"Propisi-Republike-Srbije-o-kozmeti\u010dkim-proizvodima\" class=\"fusion-container-anchor\"><div class=\"fusion-fullwidth fullwidth-box fusion-builder-row-3 fusion-flex-container has-pattern-background has-mask-background nonhundred-percent-fullwidth non-hundred-percent-height-scrolling\" style=\"--awb-border-radius-top-left:0px;--awb-border-radius-top-right:0px;--awb-border-radius-bottom-right:0px;--awb-border-radius-bottom-left:0px;--awb-padding-top:64px;--awb-padding-bottom:64px;--awb-background-color:var(--awb-color2);\" ><div class=\"fusion-builder-row fusion-row fusion-flex-align-items-stretch\" style=\"max-width:calc( 1336px + 48px );margin-left: calc(-48px \/ 2 );margin-right: calc(-48px \/ 2 );\"><div class=\"fusion-layout-column fusion_builder_column fusion-builder-column-4 fusion_builder_column_1_2 1_2 fusion-flex-column\" style=\"--awb-bg-size:cover;--awb-width-large:50%;--awb-margin-top-large:16px;--awb-spacing-right-large:24px;--awb-margin-bottom-large:16px;--awb-spacing-left-large:24px;--awb-width-medium:100%;--awb-order-medium:0;--awb-spacing-right-medium:24px;--awb-spacing-left-medium:24px;--awb-width-small:100%;--awb-order-small:0;--awb-spacing-right-small:24px;--awb-spacing-left-small:24px;\"><div class=\"fusion-column-wrapper fusion-column-has-shadow fusion-flex-justify-content-center fusion-content-layout-column\"><div class=\"fusion-title title fusion-title-3 fusion-sep-none fusion-title-text fusion-title-size-three\" style=\"--awb-margin-bottom:35px;\"><h3 class=\"title-heading-left fusion-responsive-typography-calculated\" style=\"margin:0;--fontSize:36;line-height:var(--awb-typography1-line-height);\">Propisi Republike Srbije o kozmeti\u010dkim proizvodima<\/h3><\/div><div class=\"fusion-text fusion-text-3 fusion-text-no-margin\" style=\"--awb-margin-bottom:50px;\"><p>Ukoliko \u017eelite da plasirate svoje proizvode na tr\u017ei\u0161te Republike Srbije, od 2023. godine obavezni ste da po\u0161tujete sli\u010dne zahteve kao oni koji va\u017ee u zemljama Evropske unije.<\/p>\n<p>Tim ZazaLab-a je spreman da vam pomogne u procesu uskla\u0111ivanja sa regulatornim zahtevima!<\/p>\n<\/div><\/div><\/div><div class=\"fusion-layout-column fusion_builder_column fusion-builder-column-5 fusion_builder_column_1_2 1_2 fusion-flex-column\" style=\"--awb-bg-size:cover;--awb-width-large:50%;--awb-margin-top-large:16px;--awb-spacing-right-large:24px;--awb-margin-bottom-large:16px;--awb-spacing-left-large:24px;--awb-width-medium:100%;--awb-order-medium:2;--awb-spacing-right-medium:24px;--awb-spacing-left-medium:24px;--awb-width-small:100%;--awb-order-small:0;--awb-spacing-right-small:24px;--awb-spacing-left-small:24px;\"><div class=\"fusion-column-wrapper fusion-column-has-shadow fusion-flex-justify-content-flex-start fusion-content-layout-column\"><div class=\"fusion-image-element \" style=\"text-align:center;--awb-aspect-ratio:1 \/ 1;--awb-caption-title-size:var(--h2_typography-font-size);--awb-caption-title-transform:var(--h2_typography-text-transform);--awb-caption-title-line-height:var(--h2_typography-line-height);--awb-caption-title-letter-spacing:var(--h2_typography-letter-spacing);\"><span class=\" fusion-imageframe imageframe-none imageframe-3 hover-type-none has-aspect-ratio\"><img decoding=\"async\" width=\"1800\" height=\"1200\" title=\"Serbian-Cosmetics-Compliance\" src=\"https:\/\/zaza-lab.com\/wp-content\/uploads\/2023\/10\/Serbian-Cosmetics-Compliance.jpg\" data-orig-src=\"https:\/\/zaza-lab.com\/wp-content\/uploads\/2023\/10\/Serbian-Cosmetics-Compliance.jpg\" class=\"lazyload img-responsive wp-image-569 img-with-aspect-ratio\" alt srcset=\"data:image\/svg+xml,%3Csvg%20xmlns%3D%27http%3A%2F%2Fwww.w3.org%2F2000%2Fsvg%27%20width%3D%271800%27%20height%3D%271200%27%20viewBox%3D%270%200%201800%201200%27%3E%3Crect%20width%3D%271800%27%20height%3D%271200%27%20fill-opacity%3D%220%22%2F%3E%3C%2Fsvg%3E\" data-srcset=\"https:\/\/zaza-lab.com\/wp-content\/uploads\/2023\/10\/Serbian-Cosmetics-Compliance-200x133.jpg 200w, https:\/\/zaza-lab.com\/wp-content\/uploads\/2023\/10\/Serbian-Cosmetics-Compliance-400x267.jpg 400w, https:\/\/zaza-lab.com\/wp-content\/uploads\/2023\/10\/Serbian-Cosmetics-Compliance-600x400.jpg 600w, https:\/\/zaza-lab.com\/wp-content\/uploads\/2023\/10\/Serbian-Cosmetics-Compliance-800x533.jpg 800w, https:\/\/zaza-lab.com\/wp-content\/uploads\/2023\/10\/Serbian-Cosmetics-Compliance-1200x800.jpg 1200w, https:\/\/zaza-lab.com\/wp-content\/uploads\/2023\/10\/Serbian-Cosmetics-Compliance.jpg 1800w\" data-sizes=\"auto\" data-orig-sizes=\"(max-width: 768px) 100vw, 800px\" \/><\/span><\/div><\/div><\/div><\/div><\/div><\/div><\/p>\n","protected":false},"excerpt":{"rendered":"","protected":false},"author":1,"featured_media":0,"parent":0,"menu_order":0,"comment_status":"closed","ping_status":"closed","template":"100-width.php","meta":{"footnotes":""},"class_list":["post-567","page","type-page","status-publish","hentry"],"yoast_head":"<!-- This site is optimized with the Yoast SEO plugin v25.6 - https:\/\/yoast.com\/wordpress\/plugins\/seo\/ -->\n<title>KOZMETI\u010cKA REGULATIVA - ZAZALAB<\/title>\n<meta name=\"robots\" content=\"index, follow, max-snippet:-1, max-image-preview:large, max-video-preview:-1\" \/>\n<link rel=\"canonical\" href=\"https:\/\/zaza-lab.com\/sr\/regulativa-kozmetickih-proizvoda\/\" \/>\n<meta property=\"og:locale\" content=\"sr_RS\" \/>\n<meta property=\"og:type\" content=\"article\" \/>\n<meta property=\"og:title\" content=\"KOZMETI\u010cKA REGULATIVA - ZAZALAB\" \/>\n<meta property=\"og:url\" content=\"https:\/\/zaza-lab.com\/sr\/regulativa-kozmetickih-proizvoda\/\" \/>\n<meta property=\"og:site_name\" content=\"ZAZALAB\" \/>\n<meta property=\"article:modified_time\" content=\"2026-01-10T20:23:38+00:00\" \/>\n<meta name=\"twitter:card\" content=\"summary_large_image\" \/>\n<meta name=\"twitter:label1\" content=\"\u041f\u0440\u043e\u0446\u0435\u045a\u0435\u043d\u043e \u0432\u0440\u0435\u043c\u0435 \u0447\u0438\u0442\u0430\u045a\u0430\" \/>\n\t<meta name=\"twitter:data1\" content=\"10 \u043c\u0438\u043d\u0443\u0442\u0430\" \/>\n<script type=\"application\/ld+json\" class=\"yoast-schema-graph\">{\"@context\":\"https:\/\/schema.org\",\"@graph\":[{\"@type\":\"WebPage\",\"@id\":\"https:\/\/zaza-lab.com\/sr\/regulativa-kozmetickih-proizvoda\/\",\"url\":\"https:\/\/zaza-lab.com\/sr\/regulativa-kozmetickih-proizvoda\/\",\"name\":\"KOZMETI\u010cKA REGULATIVA - ZAZALAB\",\"isPartOf\":{\"@id\":\"https:\/\/zaza-lab.com\/#website\"},\"datePublished\":\"2023-08-08T17:49:26+00:00\",\"dateModified\":\"2026-01-10T20:23:38+00:00\",\"breadcrumb\":{\"@id\":\"https:\/\/zaza-lab.com\/sr\/regulativa-kozmetickih-proizvoda\/#breadcrumb\"},\"inLanguage\":\"sr-RS\",\"potentialAction\":[{\"@type\":\"ReadAction\",\"target\":[\"https:\/\/zaza-lab.com\/sr\/regulativa-kozmetickih-proizvoda\/\"]}]},{\"@type\":\"BreadcrumbList\",\"@id\":\"https:\/\/zaza-lab.com\/sr\/regulativa-kozmetickih-proizvoda\/#breadcrumb\",\"itemListElement\":[{\"@type\":\"ListItem\",\"position\":1,\"name\":\"Home\",\"item\":\"https:\/\/zaza-lab.com\/sr\/\"},{\"@type\":\"ListItem\",\"position\":2,\"name\":\"KOZMETI\u010cKA REGULATIVA\"}]},{\"@type\":\"WebSite\",\"@id\":\"https:\/\/zaza-lab.com\/#website\",\"url\":\"https:\/\/zaza-lab.com\/\",\"name\":\"ZAZALAB\",\"description\":\"One place. Many solutions.\",\"publisher\":{\"@id\":\"https:\/\/zaza-lab.com\/#organization\"},\"potentialAction\":[{\"@type\":\"SearchAction\",\"target\":{\"@type\":\"EntryPoint\",\"urlTemplate\":\"https:\/\/zaza-lab.com\/?s={search_term_string}\"},\"query-input\":{\"@type\":\"PropertyValueSpecification\",\"valueRequired\":true,\"valueName\":\"search_term_string\"}}],\"inLanguage\":\"sr-RS\"},{\"@type\":\"Organization\",\"@id\":\"https:\/\/zaza-lab.com\/#organization\",\"name\":\"ZAZALAB\",\"url\":\"https:\/\/zaza-lab.com\/\",\"logo\":{\"@type\":\"ImageObject\",\"inLanguage\":\"sr-RS\",\"@id\":\"https:\/\/zaza-lab.com\/#\/schema\/logo\/image\/\",\"url\":\"https:\/\/zaza-lab.com\/wp-content\/uploads\/2023\/02\/zazalab-logo.svg\",\"contentUrl\":\"https:\/\/zaza-lab.com\/wp-content\/uploads\/2023\/02\/zazalab-logo.svg\",\"width\":548,\"height\":135,\"caption\":\"ZAZALAB\"},\"image\":{\"@id\":\"https:\/\/zaza-lab.com\/#\/schema\/logo\/image\/\"}}]}<\/script>\n<!-- \/ Yoast SEO plugin. -->","yoast_head_json":{"title":"KOZMETI\u010cKA REGULATIVA - ZAZALAB","robots":{"index":"index","follow":"follow","max-snippet":"max-snippet:-1","max-image-preview":"max-image-preview:large","max-video-preview":"max-video-preview:-1"},"canonical":"https:\/\/zaza-lab.com\/sr\/regulativa-kozmetickih-proizvoda\/","og_locale":"sr_RS","og_type":"article","og_title":"KOZMETI\u010cKA REGULATIVA - ZAZALAB","og_url":"https:\/\/zaza-lab.com\/sr\/regulativa-kozmetickih-proizvoda\/","og_site_name":"ZAZALAB","article_modified_time":"2026-01-10T20:23:38+00:00","twitter_card":"summary_large_image","twitter_misc":{"\u041f\u0440\u043e\u0446\u0435\u045a\u0435\u043d\u043e \u0432\u0440\u0435\u043c\u0435 \u0447\u0438\u0442\u0430\u045a\u0430":"10 \u043c\u0438\u043d\u0443\u0442\u0430"},"schema":{"@context":"https:\/\/schema.org","@graph":[{"@type":"WebPage","@id":"https:\/\/zaza-lab.com\/sr\/regulativa-kozmetickih-proizvoda\/","url":"https:\/\/zaza-lab.com\/sr\/regulativa-kozmetickih-proizvoda\/","name":"KOZMETI\u010cKA REGULATIVA - ZAZALAB","isPartOf":{"@id":"https:\/\/zaza-lab.com\/#website"},"datePublished":"2023-08-08T17:49:26+00:00","dateModified":"2026-01-10T20:23:38+00:00","breadcrumb":{"@id":"https:\/\/zaza-lab.com\/sr\/regulativa-kozmetickih-proizvoda\/#breadcrumb"},"inLanguage":"sr-RS","potentialAction":[{"@type":"ReadAction","target":["https:\/\/zaza-lab.com\/sr\/regulativa-kozmetickih-proizvoda\/"]}]},{"@type":"BreadcrumbList","@id":"https:\/\/zaza-lab.com\/sr\/regulativa-kozmetickih-proizvoda\/#breadcrumb","itemListElement":[{"@type":"ListItem","position":1,"name":"Home","item":"https:\/\/zaza-lab.com\/sr\/"},{"@type":"ListItem","position":2,"name":"KOZMETI\u010cKA REGULATIVA"}]},{"@type":"WebSite","@id":"https:\/\/zaza-lab.com\/#website","url":"https:\/\/zaza-lab.com\/","name":"ZAZALAB","description":"One place. Many solutions.","publisher":{"@id":"https:\/\/zaza-lab.com\/#organization"},"potentialAction":[{"@type":"SearchAction","target":{"@type":"EntryPoint","urlTemplate":"https:\/\/zaza-lab.com\/?s={search_term_string}"},"query-input":{"@type":"PropertyValueSpecification","valueRequired":true,"valueName":"search_term_string"}}],"inLanguage":"sr-RS"},{"@type":"Organization","@id":"https:\/\/zaza-lab.com\/#organization","name":"ZAZALAB","url":"https:\/\/zaza-lab.com\/","logo":{"@type":"ImageObject","inLanguage":"sr-RS","@id":"https:\/\/zaza-lab.com\/#\/schema\/logo\/image\/","url":"https:\/\/zaza-lab.com\/wp-content\/uploads\/2023\/02\/zazalab-logo.svg","contentUrl":"https:\/\/zaza-lab.com\/wp-content\/uploads\/2023\/02\/zazalab-logo.svg","width":548,"height":135,"caption":"ZAZALAB"},"image":{"@id":"https:\/\/zaza-lab.com\/#\/schema\/logo\/image\/"}}]}},"_links":{"self":[{"href":"https:\/\/zaza-lab.com\/sr\/wp-json\/wp\/v2\/pages\/567","targetHints":{"allow":["GET"]}}],"collection":[{"href":"https:\/\/zaza-lab.com\/sr\/wp-json\/wp\/v2\/pages"}],"about":[{"href":"https:\/\/zaza-lab.com\/sr\/wp-json\/wp\/v2\/types\/page"}],"author":[{"embeddable":true,"href":"https:\/\/zaza-lab.com\/sr\/wp-json\/wp\/v2\/users\/1"}],"replies":[{"embeddable":true,"href":"https:\/\/zaza-lab.com\/sr\/wp-json\/wp\/v2\/comments?post=567"}],"version-history":[{"count":30,"href":"https:\/\/zaza-lab.com\/sr\/wp-json\/wp\/v2\/pages\/567\/revisions"}],"predecessor-version":[{"id":1230,"href":"https:\/\/zaza-lab.com\/sr\/wp-json\/wp\/v2\/pages\/567\/revisions\/1230"}],"wp:attachment":[{"href":"https:\/\/zaza-lab.com\/sr\/wp-json\/wp\/v2\/media?parent=567"}],"curies":[{"name":"wp","href":"https:\/\/api.w.org\/{rel}","templated":true}]}}