{"id":561,"date":"2023-08-08T17:51:09","date_gmt":"2023-08-08T17:51:09","guid":{"rendered":"https:\/\/zaza-lab.com\/ekspertsko-savetovanje\/"},"modified":"2026-01-10T22:14:41","modified_gmt":"2026-01-10T22:14:41","slug":"ekspertsko-savetovanje","status":"publish","type":"page","link":"https:\/\/zaza-lab.com\/sr\/ekspertsko-savetovanje\/","title":{"rendered":"SAVETOVANJE"},"content":{"rendered":"<p><div class=\"fusion-fullwidth fullwidth-box fusion-builder-row-1 fusion-flex-container has-pattern-background has-mask-background nonhundred-percent-fullwidth non-hundred-percent-height-scrolling\" style=\"--awb-border-radius-top-left:0px;--awb-border-radius-top-right:0px;--awb-border-radius-bottom-right:0px;--awb-border-radius-bottom-left:0px;--awb-padding-top:64px;--awb-padding-bottom:64px;--awb-margin-bottom-medium:80px;--awb-background-color:var(--awb-color2);\" ><div class=\"fusion-builder-row fusion-row fusion-flex-align-items-center fusion-flex-justify-content-center\" style=\"max-width:calc( 1336px + 0px );margin-left: calc(-0px \/ 2 );margin-right: calc(-0px \/ 2 );\"><div class=\"fusion-layout-column fusion_builder_column fusion-builder-column-0 fusion_builder_column_1_2 1_2 fusion-flex-column fusion-animated\" style=\"--awb-padding-right:20px;--awb-padding-left:15%;--awb-padding-left-medium:15%;--awb-padding-left-small:0px;--awb-bg-size:cover;--awb-width-large:50%;--awb-margin-top-large:16px;--awb-spacing-right-large:0;--awb-margin-bottom-large:0px;--awb-spacing-left-large:0;--awb-width-medium:50%;--awb-order-medium:0;--awb-spacing-right-medium:0;--awb-spacing-left-medium:0;--awb-width-small:100%;--awb-order-small:0;--awb-spacing-right-small:0;--awb-margin-bottom-small:60px;--awb-spacing-left-small:0;\" data-animationType=\"fadeInUp\" data-animationDuration=\"1.3\" data-animationOffset=\"top-into-view\"><div class=\"fusion-column-wrapper fusion-column-has-shadow fusion-flex-justify-content-center fusion-content-layout-row\"><div class=\"fusion-title title fusion-title-1 fusion-sep-none fusion-title-center fusion-title-text fusion-title-size-one\" style=\"--awb-margin-bottom:40px;\"><h1 class=\"title-heading-center sm-text-align-left fusion-responsive-typography-calculated\" style=\"margin:0;--fontSize:64;line-height:var(--awb-typography1-line-height);\">EKSPERTSKO SAVETOVANJE<\/h1><\/div><div class=\"fusion-text fusion-text-1 sm-text-align-left\" style=\"--awb-content-alignment:center;\"><p><strong>Stru\u010dnjaci ZazaLab-a c\u0301e vas voditi kroz \u010ditav proces sertifikacije, pomoc\u0301i u pripremi potrebne dokumentacije i koordinirati proces prilikom ispekcije sertifikacionih tela.<\/strong><\/p>\n<\/div><\/div><\/div><\/div><\/div><div id=\"Inspekcije-i-nadzor\" class=\"fusion-container-anchor\"><div class=\"fusion-fullwidth fullwidth-box fusion-builder-row-2 fusion-flex-container has-pattern-background has-mask-background nonhundred-percent-fullwidth non-hundred-percent-height-scrolling\" style=\"--awb-border-radius-top-left:0px;--awb-border-radius-top-right:0px;--awb-border-radius-bottom-right:0px;--awb-border-radius-bottom-left:0px;--awb-padding-top:64px;--awb-padding-bottom:64px;--awb-background-color:var(--awb-color1);\" ><div class=\"fusion-builder-row fusion-row fusion-flex-align-items-stretch\" style=\"max-width:calc( 1336px + 48px );margin-left: calc(-48px \/ 2 );margin-right: calc(-48px \/ 2 );\"><div class=\"fusion-layout-column fusion_builder_column fusion-builder-column-1 fusion_builder_column_1_2 1_2 fusion-flex-column\" style=\"--awb-bg-size:cover;--awb-width-large:50%;--awb-margin-top-large:16px;--awb-spacing-right-large:24px;--awb-margin-bottom-large:16px;--awb-spacing-left-large:24px;--awb-width-medium:100%;--awb-order-medium:2;--awb-spacing-right-medium:24px;--awb-spacing-left-medium:24px;--awb-width-small:100%;--awb-order-small:0;--awb-spacing-right-small:24px;--awb-spacing-left-small:24px;\"><div class=\"fusion-column-wrapper fusion-column-has-shadow fusion-flex-justify-content-flex-start fusion-content-layout-column\"><div class=\"fusion-image-element \" style=\"--awb-aspect-ratio:1 \/ 1;--awb-caption-title-size:var(--h2_typography-font-size);--awb-caption-title-transform:var(--h2_typography-text-transform);--awb-caption-title-line-height:var(--h2_typography-line-height);--awb-caption-title-letter-spacing:var(--h2_typography-letter-spacing);\"><span class=\" fusion-imageframe imageframe-none imageframe-1 hover-type-none has-aspect-ratio\"><img decoding=\"async\" width=\"300\" height=\"300\" title=\"Auditor alone\" src=\"https:\/\/zaza-lab.com\/wp-content\/uploads\/2026\/01\/Auditor-alone-300x300.png\" class=\"img-responsive wp-image-1068 img-with-aspect-ratio disable-lazyload\" alt srcset=\"https:\/\/zaza-lab.com\/wp-content\/uploads\/2026\/01\/Auditor-alone-200x200.png 200w, https:\/\/zaza-lab.com\/wp-content\/uploads\/2026\/01\/Auditor-alone-400x400.png 400w, https:\/\/zaza-lab.com\/wp-content\/uploads\/2026\/01\/Auditor-alone-600x600.png 600w, https:\/\/zaza-lab.com\/wp-content\/uploads\/2026\/01\/Auditor-alone-800x800.png 800w, https:\/\/zaza-lab.com\/wp-content\/uploads\/2026\/01\/Auditor-alone.png 1024w\" sizes=\"(max-width: 768px) 100vw, 800px\" \/><\/span><\/div><\/div><\/div><div class=\"fusion-layout-column fusion_builder_column fusion-builder-column-2 fusion_builder_column_1_2 1_2 fusion-flex-column\" style=\"--awb-bg-size:cover;--awb-width-large:50%;--awb-margin-top-large:16px;--awb-spacing-right-large:24px;--awb-margin-bottom-large:16px;--awb-spacing-left-large:24px;--awb-width-medium:50%;--awb-order-medium:0;--awb-spacing-right-medium:24px;--awb-spacing-left-medium:24px;--awb-width-small:100%;--awb-order-small:0;--awb-spacing-right-small:24px;--awb-spacing-left-small:24px;\"><div class=\"fusion-column-wrapper fusion-column-has-shadow fusion-flex-justify-content-center fusion-content-layout-column\"><div class=\"fusion-title title fusion-title-2 fusion-sep-none fusion-title-text fusion-title-size-three\" style=\"--awb-margin-bottom:35px;\"><h3 class=\"title-heading-left fusion-responsive-typography-calculated\" style=\"margin:0;--fontSize:36;line-height:var(--awb-typography1-line-height);\">Inspekcije i nadzor<\/h3><\/div><div class=\"fusion-text fusion-text-2\"><p>Stru\u010dnjaci ZazaLab-a mogu vam pomoc\u0301i i u organizaciji usluga inspekcija i provera za va\u0161u kompaniju!<\/p>\n<p>Ukoliko vam je potreban tim stru\u010dnjaka za sprovo\u0111enje internih inspekcija u okviru va\u0161e kompanije (kako bi se procenilo da li je va\u0161a organizacija a\u017eurna i uskla\u0111ena sa svim zakonskim ili standardnim zahtevima), ili ukoliko tra\u017eite eksperte za sprovo\u0111enje eksterne revizije kod va\u0161ih dobavlja\u010da (kako bi se proverilo da li su uskla\u0111eni sa svim zahtevima va\u0161e organizacije), ZazaLab tim je tu za vas!<\/p>\n<\/div><div class=\"fusion-text fusion-text-3\" style=\"--awb-margin-top:50px;\"><p>Obratite nam se za vi\u0161e informacija!<\/p>\n<\/div><div ><a class=\"fusion-button button-flat fusion-button-default-size button-default fusion-button-default button-1 fusion-button-default-span fusion-button-default-type\" target=\"_self\" href=\"https:\/\/zaza-lab.com\/sr\/kontakt\/\"><span class=\"fusion-button-text\">Kontaktirajte nas<\/span><\/a><\/div><\/div><\/div><\/div><\/div><\/div><div id=\"GMP-ISO\" class=\"fusion-container-anchor\"><div class=\"fusion-fullwidth fullwidth-box fusion-builder-row-3 fusion-flex-container has-pattern-background has-mask-background nonhundred-percent-fullwidth non-hundred-percent-height-scrolling\" style=\"--awb-border-radius-top-left:0px;--awb-border-radius-top-right:0px;--awb-border-radius-bottom-right:0px;--awb-border-radius-bottom-left:0px;--awb-padding-top:64px;--awb-padding-bottom:64px;--awb-background-color:var(--awb-color1);\" ><div class=\"fusion-builder-row fusion-row fusion-flex-align-items-stretch\" style=\"max-width:calc( 1336px + 48px );margin-left: calc(-48px \/ 2 );margin-right: calc(-48px \/ 2 );\"><div class=\"fusion-layout-column fusion_builder_column fusion-builder-column-3 fusion_builder_column_1_2 1_2 fusion-flex-column\" style=\"--awb-bg-size:cover;--awb-width-large:50%;--awb-margin-top-large:16px;--awb-spacing-right-large:24px;--awb-margin-bottom-large:16px;--awb-spacing-left-large:24px;--awb-width-medium:50%;--awb-order-medium:0;--awb-spacing-right-medium:24px;--awb-spacing-left-medium:24px;--awb-width-small:100%;--awb-order-small:0;--awb-spacing-right-small:24px;--awb-spacing-left-small:24px;\"><div class=\"fusion-column-wrapper fusion-column-has-shadow fusion-flex-justify-content-center fusion-content-layout-column\"><div class=\"fusion-title title fusion-title-3 fusion-sep-none fusion-title-text fusion-title-size-three\" style=\"--awb-margin-bottom:35px;\"><h3 class=\"title-heading-left fusion-responsive-typography-calculated\" style=\"margin:0;--fontSize:36;line-height:var(--awb-typography1-line-height);\">GMP\/ISO 22716:2007<\/h3><\/div><div class=\"fusion-text fusion-text-4\"><p>Proizvo\u0111a\u010di kozmetike u Evropi su u obavezi da po\u0161tuju na\u010dela dobre proizvo\u0111a\u010dke prakse (skra\u0107enica GMP) za kozmetiku. Ove smernice su namenjene kompanijama i proizvo\u0111a\u010dima sa ciljem da identifikuju i ubla\u017ee rizike povezane sa proizvodnjom koji potencijalno mogu uticati na bezbednost i kvalitet proizvoda. U Evropskoj kozmeti\u010dkoj uredbi (EC 1223\/2009) isti\u010de se da za svaki kozmeti\u010dki proizvod namenjen prodaji na tr\u017ei\u0161tu EU mora da se primenjuju smernice GMP kozmeti\u010dkih proizvoda kao \u0161to je navedeno u \u015ftandardu ISO 22716.<\/p>\n<p>Proizvo\u0111a\u010di kozmetike nisu u obavezi da sertifikuju svoje poslovanje prema standardu ISO 22716, ali su du\u017eni da po\u0161tuju njegove zahteve. Me\u0111utim, mnogi proizvo\u0111a\u010di kozmetike ipak odlu\u010duju da sertifikuju svoje poslovanje u skladu sa standardom ISO 22716 sa ciljem da se istaknu i izdvoje od konkurencije i time poka\u017eu kupcima svoju posvec\u0301enost, visoke standarde kvaliteta i dobre prakse upravljanja u okviru svoje kompanije.<\/p>\n<\/div><div class=\"fusion-text fusion-text-5\" style=\"--awb-margin-top:50px;\"><p><strong>Eksperti ZazaLab-a vam mogu pomo\u0107i u procesu dobijanja ISO 22716 sertifikata! Stru\u010dnjaci ZazaLab-a c\u0301e vas voditi kroz \u010ditav proces sertifikacije, pomoc\u0301i u pripremi potrebne dokumentacije i koordinirati proces prilikom ispekcije sertifikacionih tela.<\/strong><\/p>\n<p><strong><a href=\"https:\/\/zaza-lab.com\/sr\/kontakt\/\"><span style=\"text-decoration: underline;\">Kontaktirajte nas <\/span><\/a>za vi\u0161e informacija!<\/strong><\/p>\n<\/div><div ><a class=\"fusion-button button-flat fusion-button-default-size button-default fusion-button-default button-2 fusion-button-default-span fusion-button-default-type\" target=\"_self\" href=\"https:\/\/zaza-lab.com\/sr\/kontakt\/\"><span class=\"fusion-button-text\">Kontaktirajte nas<\/span><\/a><\/div><\/div><\/div><div class=\"fusion-layout-column fusion_builder_column fusion-builder-column-4 fusion_builder_column_1_2 1_2 fusion-flex-column\" style=\"--awb-bg-size:cover;--awb-width-large:50%;--awb-margin-top-large:16px;--awb-spacing-right-large:24px;--awb-margin-bottom-large:16px;--awb-spacing-left-large:24px;--awb-width-medium:100%;--awb-order-medium:2;--awb-spacing-right-medium:24px;--awb-spacing-left-medium:24px;--awb-width-small:100%;--awb-order-small:0;--awb-spacing-right-small:24px;--awb-spacing-left-small:24px;\"><div class=\"fusion-column-wrapper fusion-column-has-shadow fusion-flex-justify-content-flex-start fusion-content-layout-column\"><div class=\"fusion-image-element \" style=\"--awb-aspect-ratio:1 \/ 1;--awb-caption-title-size:var(--h2_typography-font-size);--awb-caption-title-transform:var(--h2_typography-text-transform);--awb-caption-title-line-height:var(--h2_typography-line-height);--awb-caption-title-letter-spacing:var(--h2_typography-letter-spacing);\"><span class=\" fusion-imageframe imageframe-none imageframe-2 hover-type-none has-aspect-ratio\"><img decoding=\"async\" width=\"300\" height=\"300\" title=\"Auditor combined\" src=\"https:\/\/zaza-lab.com\/wp-content\/uploads\/2026\/01\/Auditor-combined-300x300.png\" class=\"img-responsive wp-image-1063 img-with-aspect-ratio disable-lazyload\" alt srcset=\"https:\/\/zaza-lab.com\/wp-content\/uploads\/2026\/01\/Auditor-combined-200x200.png 200w, https:\/\/zaza-lab.com\/wp-content\/uploads\/2026\/01\/Auditor-combined-400x400.png 400w, https:\/\/zaza-lab.com\/wp-content\/uploads\/2026\/01\/Auditor-combined-600x600.png 600w, https:\/\/zaza-lab.com\/wp-content\/uploads\/2026\/01\/Auditor-combined-800x800.png 800w, https:\/\/zaza-lab.com\/wp-content\/uploads\/2026\/01\/Auditor-combined.png 1024w\" sizes=\"(max-width: 768px) 100vw, 800px\" \/><\/span><\/div><\/div><\/div><\/div><\/div><\/div><div id=\"Prirodna-i-Organska-kozmetika\" class=\"fusion-container-anchor\"><div class=\"fusion-fullwidth fullwidth-box fusion-builder-row-4 fusion-flex-container has-pattern-background has-mask-background nonhundred-percent-fullwidth non-hundred-percent-height-scrolling\" style=\"--awb-border-radius-top-left:0px;--awb-border-radius-top-right:0px;--awb-border-radius-bottom-right:0px;--awb-border-radius-bottom-left:0px;--awb-padding-top:64px;--awb-padding-bottom:64px;--awb-background-color:var(--awb-color2);\" ><div class=\"fusion-builder-row fusion-row fusion-flex-align-items-stretch\" style=\"max-width:calc( 1336px + 48px );margin-left: calc(-48px \/ 2 );margin-right: calc(-48px \/ 2 );\"><div class=\"fusion-layout-column fusion_builder_column fusion-builder-column-5 fusion_builder_column_1_2 1_2 fusion-flex-column\" style=\"--awb-bg-size:cover;--awb-width-large:50%;--awb-margin-top-large:16px;--awb-spacing-right-large:24px;--awb-margin-bottom-large:16px;--awb-spacing-left-large:24px;--awb-width-medium:100%;--awb-order-medium:2;--awb-spacing-right-medium:24px;--awb-spacing-left-medium:24px;--awb-width-small:100%;--awb-order-small:0;--awb-spacing-right-small:24px;--awb-spacing-left-small:24px;\"><div class=\"fusion-column-wrapper fusion-column-has-shadow fusion-flex-justify-content-flex-start fusion-content-layout-column\"><div class=\"fusion-image-element \" style=\"--awb-aspect-ratio:1 \/ 1;--awb-caption-title-size:var(--h2_typography-font-size);--awb-caption-title-transform:var(--h2_typography-text-transform);--awb-caption-title-line-height:var(--h2_typography-line-height);--awb-caption-title-letter-spacing:var(--h2_typography-letter-spacing);\"><span class=\" fusion-imageframe imageframe-none imageframe-3 hover-type-none has-aspect-ratio\"><img decoding=\"async\" width=\"300\" height=\"169\" title=\"gmpiso-zazalab\" src=\"https:\/\/zaza-lab.com\/wp-content\/uploads\/2023\/08\/gmpiso-zazalab-300x169.jpg\" class=\"img-responsive wp-image-809 img-with-aspect-ratio disable-lazyload\" alt srcset=\"https:\/\/zaza-lab.com\/wp-content\/uploads\/2023\/08\/gmpiso-zazalab-200x113.jpg 200w, https:\/\/zaza-lab.com\/wp-content\/uploads\/2023\/08\/gmpiso-zazalab-400x225.jpg 400w, https:\/\/zaza-lab.com\/wp-content\/uploads\/2023\/08\/gmpiso-zazalab-600x338.jpg 600w, https:\/\/zaza-lab.com\/wp-content\/uploads\/2023\/08\/gmpiso-zazalab-800x450.jpg 800w, https:\/\/zaza-lab.com\/wp-content\/uploads\/2023\/08\/gmpiso-zazalab-1200x675.jpg 1200w, https:\/\/zaza-lab.com\/wp-content\/uploads\/2023\/08\/gmpiso-zazalab.jpg 1920w\" sizes=\"(max-width: 768px) 100vw, 800px\" \/><\/span><\/div><\/div><\/div><div class=\"fusion-layout-column fusion_builder_column fusion-builder-column-6 fusion_builder_column_1_2 1_2 fusion-flex-column\" style=\"--awb-bg-size:cover;--awb-width-large:50%;--awb-margin-top-large:16px;--awb-spacing-right-large:24px;--awb-margin-bottom-large:16px;--awb-spacing-left-large:24px;--awb-width-medium:50%;--awb-order-medium:0;--awb-spacing-right-medium:24px;--awb-spacing-left-medium:24px;--awb-width-small:100%;--awb-order-small:0;--awb-spacing-right-small:24px;--awb-spacing-left-small:24px;\"><div class=\"fusion-column-wrapper fusion-column-has-shadow fusion-flex-justify-content-center fusion-content-layout-column\"><div class=\"fusion-title title fusion-title-4 fusion-sep-none fusion-title-text fusion-title-size-three\" style=\"--awb-margin-bottom:35px;\"><h3 class=\"title-heading-left fusion-responsive-typography-calculated\" style=\"margin:0;--fontSize:36;line-height:var(--awb-typography1-line-height);\">Prirodna i Organska kozmetika<\/h3><\/div><div class=\"fusion-text fusion-text-6\"><p>Sve vec\u0301i broj kupaca je svestan potencialno \u0161tetnog uticaja razli\u010ditih hemikalija na na\u0161 svakodnevni \u017eivot i stoga zahteva upotrebu prirodnih, organskih sirovina za kozmeti\u010dke proizvode. Prirodna i organska kozmetika je u velikom porastu u poslednjih nekoliko godina, te se mnogi proizvo\u0111a\u010di odlu\u010duju da sertifikuju svoje kozmeti\u010dke proizvode kao organske kako bi stekli konkurentsku prednost na tr\u017ei\u0161tu.<\/p>\n<p>Postoji veliki broj sertifikata za prirodnu i organsku kozmetiku, od kojih svaki ima razli\u010dite zahteve i zavisi od preferencija pojedinih zemalja. Do danas, jedan od najpopularnijih sertifikata, ostaje COSMOS Ecocert sertifikat.<\/p>\n<p><strong>U ZazaLab-u vam mo\u017eemo pomo\u0107i da dobijete sertifikat za va\u0161u prirodnu i\/ili organsku kozmetiku! Stru\u010dnjaci ZazaLab-a c\u0301e vas voditi kroz \u010ditav proces sertifikacije, pomoc\u0301i u pripremi potrebne dokumentacije i koordinirati proces prilikom ispekcije sertifikacionih tela.<\/strong><\/p>\n<p><strong><a href=\"https:\/\/zaza-lab.com\/sr\/kontakt\/\"><span style=\"text-decoration: underline;\">Kontaktirajte nas <\/span><\/a>za vi\u0161e informacija!<\/strong><\/p>\n<\/div><div ><a class=\"fusion-button button-flat fusion-button-default-size button-default fusion-button-default button-3 fusion-button-default-span fusion-button-default-type\" target=\"_self\" href=\"https:\/\/zaza-lab.com\/sr\/kontakt\/\"><span class=\"fusion-button-text\">Kontaktirajte nas<\/span><\/a><\/div><\/div><\/div><\/div><\/div><\/div><\/p>\n","protected":false},"excerpt":{"rendered":"","protected":false},"author":1,"featured_media":0,"parent":0,"menu_order":0,"comment_status":"closed","ping_status":"closed","template":"100-width.php","meta":{"footnotes":""},"class_list":["post-561","page","type-page","status-publish","hentry"],"yoast_head":"<!-- This site is optimized with the Yoast SEO plugin v25.6 - https:\/\/yoast.com\/wordpress\/plugins\/seo\/ -->\n<title>SAVETOVANJE - ZAZALAB<\/title>\n<meta name=\"robots\" content=\"index, follow, max-snippet:-1, max-image-preview:large, max-video-preview:-1\" \/>\n<link rel=\"canonical\" href=\"https:\/\/zaza-lab.com\/sr\/ekspertsko-savetovanje\/\" \/>\n<meta property=\"og:locale\" content=\"sr_RS\" \/>\n<meta property=\"og:type\" content=\"article\" \/>\n<meta property=\"og:title\" content=\"SAVETOVANJE - ZAZALAB\" \/>\n<meta property=\"og:url\" content=\"https:\/\/zaza-lab.com\/sr\/ekspertsko-savetovanje\/\" \/>\n<meta property=\"og:site_name\" content=\"ZAZALAB\" \/>\n<meta property=\"article:modified_time\" content=\"2026-01-10T22:14:41+00:00\" \/>\n<meta name=\"twitter:card\" content=\"summary_large_image\" \/>\n<meta name=\"twitter:label1\" content=\"\u041f\u0440\u043e\u0446\u0435\u045a\u0435\u043d\u043e \u0432\u0440\u0435\u043c\u0435 \u0447\u0438\u0442\u0430\u045a\u0430\" \/>\n\t<meta name=\"twitter:data1\" content=\"14 \u043c\u0438\u043d\u0443\u0442\u0430\" \/>\n<script type=\"application\/ld+json\" class=\"yoast-schema-graph\">{\"@context\":\"https:\/\/schema.org\",\"@graph\":[{\"@type\":\"WebPage\",\"@id\":\"https:\/\/zaza-lab.com\/sr\/ekspertsko-savetovanje\/\",\"url\":\"https:\/\/zaza-lab.com\/sr\/ekspertsko-savetovanje\/\",\"name\":\"SAVETOVANJE - ZAZALAB\",\"isPartOf\":{\"@id\":\"https:\/\/zaza-lab.com\/#website\"},\"datePublished\":\"2023-08-08T17:51:09+00:00\",\"dateModified\":\"2026-01-10T22:14:41+00:00\",\"breadcrumb\":{\"@id\":\"https:\/\/zaza-lab.com\/sr\/ekspertsko-savetovanje\/#breadcrumb\"},\"inLanguage\":\"sr-RS\",\"potentialAction\":[{\"@type\":\"ReadAction\",\"target\":[\"https:\/\/zaza-lab.com\/sr\/ekspertsko-savetovanje\/\"]}]},{\"@type\":\"BreadcrumbList\",\"@id\":\"https:\/\/zaza-lab.com\/sr\/ekspertsko-savetovanje\/#breadcrumb\",\"itemListElement\":[{\"@type\":\"ListItem\",\"position\":1,\"name\":\"Home\",\"item\":\"https:\/\/zaza-lab.com\/sr\/\"},{\"@type\":\"ListItem\",\"position\":2,\"name\":\"SAVETOVANJE\"}]},{\"@type\":\"WebSite\",\"@id\":\"https:\/\/zaza-lab.com\/#website\",\"url\":\"https:\/\/zaza-lab.com\/\",\"name\":\"ZAZALAB\",\"description\":\"One place. Many solutions.\",\"publisher\":{\"@id\":\"https:\/\/zaza-lab.com\/#organization\"},\"potentialAction\":[{\"@type\":\"SearchAction\",\"target\":{\"@type\":\"EntryPoint\",\"urlTemplate\":\"https:\/\/zaza-lab.com\/?s={search_term_string}\"},\"query-input\":{\"@type\":\"PropertyValueSpecification\",\"valueRequired\":true,\"valueName\":\"search_term_string\"}}],\"inLanguage\":\"sr-RS\"},{\"@type\":\"Organization\",\"@id\":\"https:\/\/zaza-lab.com\/#organization\",\"name\":\"ZAZALAB\",\"url\":\"https:\/\/zaza-lab.com\/\",\"logo\":{\"@type\":\"ImageObject\",\"inLanguage\":\"sr-RS\",\"@id\":\"https:\/\/zaza-lab.com\/#\/schema\/logo\/image\/\",\"url\":\"https:\/\/zaza-lab.com\/wp-content\/uploads\/2023\/02\/zazalab-logo.svg\",\"contentUrl\":\"https:\/\/zaza-lab.com\/wp-content\/uploads\/2023\/02\/zazalab-logo.svg\",\"width\":548,\"height\":135,\"caption\":\"ZAZALAB\"},\"image\":{\"@id\":\"https:\/\/zaza-lab.com\/#\/schema\/logo\/image\/\"}}]}<\/script>\n<!-- \/ Yoast SEO plugin. -->","yoast_head_json":{"title":"SAVETOVANJE - ZAZALAB","robots":{"index":"index","follow":"follow","max-snippet":"max-snippet:-1","max-image-preview":"max-image-preview:large","max-video-preview":"max-video-preview:-1"},"canonical":"https:\/\/zaza-lab.com\/sr\/ekspertsko-savetovanje\/","og_locale":"sr_RS","og_type":"article","og_title":"SAVETOVANJE - ZAZALAB","og_url":"https:\/\/zaza-lab.com\/sr\/ekspertsko-savetovanje\/","og_site_name":"ZAZALAB","article_modified_time":"2026-01-10T22:14:41+00:00","twitter_card":"summary_large_image","twitter_misc":{"\u041f\u0440\u043e\u0446\u0435\u045a\u0435\u043d\u043e \u0432\u0440\u0435\u043c\u0435 \u0447\u0438\u0442\u0430\u045a\u0430":"14 \u043c\u0438\u043d\u0443\u0442\u0430"},"schema":{"@context":"https:\/\/schema.org","@graph":[{"@type":"WebPage","@id":"https:\/\/zaza-lab.com\/sr\/ekspertsko-savetovanje\/","url":"https:\/\/zaza-lab.com\/sr\/ekspertsko-savetovanje\/","name":"SAVETOVANJE - ZAZALAB","isPartOf":{"@id":"https:\/\/zaza-lab.com\/#website"},"datePublished":"2023-08-08T17:51:09+00:00","dateModified":"2026-01-10T22:14:41+00:00","breadcrumb":{"@id":"https:\/\/zaza-lab.com\/sr\/ekspertsko-savetovanje\/#breadcrumb"},"inLanguage":"sr-RS","potentialAction":[{"@type":"ReadAction","target":["https:\/\/zaza-lab.com\/sr\/ekspertsko-savetovanje\/"]}]},{"@type":"BreadcrumbList","@id":"https:\/\/zaza-lab.com\/sr\/ekspertsko-savetovanje\/#breadcrumb","itemListElement":[{"@type":"ListItem","position":1,"name":"Home","item":"https:\/\/zaza-lab.com\/sr\/"},{"@type":"ListItem","position":2,"name":"SAVETOVANJE"}]},{"@type":"WebSite","@id":"https:\/\/zaza-lab.com\/#website","url":"https:\/\/zaza-lab.com\/","name":"ZAZALAB","description":"One place. Many solutions.","publisher":{"@id":"https:\/\/zaza-lab.com\/#organization"},"potentialAction":[{"@type":"SearchAction","target":{"@type":"EntryPoint","urlTemplate":"https:\/\/zaza-lab.com\/?s={search_term_string}"},"query-input":{"@type":"PropertyValueSpecification","valueRequired":true,"valueName":"search_term_string"}}],"inLanguage":"sr-RS"},{"@type":"Organization","@id":"https:\/\/zaza-lab.com\/#organization","name":"ZAZALAB","url":"https:\/\/zaza-lab.com\/","logo":{"@type":"ImageObject","inLanguage":"sr-RS","@id":"https:\/\/zaza-lab.com\/#\/schema\/logo\/image\/","url":"https:\/\/zaza-lab.com\/wp-content\/uploads\/2023\/02\/zazalab-logo.svg","contentUrl":"https:\/\/zaza-lab.com\/wp-content\/uploads\/2023\/02\/zazalab-logo.svg","width":548,"height":135,"caption":"ZAZALAB"},"image":{"@id":"https:\/\/zaza-lab.com\/#\/schema\/logo\/image\/"}}]}},"_links":{"self":[{"href":"https:\/\/zaza-lab.com\/sr\/wp-json\/wp\/v2\/pages\/561","targetHints":{"allow":["GET"]}}],"collection":[{"href":"https:\/\/zaza-lab.com\/sr\/wp-json\/wp\/v2\/pages"}],"about":[{"href":"https:\/\/zaza-lab.com\/sr\/wp-json\/wp\/v2\/types\/page"}],"author":[{"embeddable":true,"href":"https:\/\/zaza-lab.com\/sr\/wp-json\/wp\/v2\/users\/1"}],"replies":[{"embeddable":true,"href":"https:\/\/zaza-lab.com\/sr\/wp-json\/wp\/v2\/comments?post=561"}],"version-history":[{"count":36,"href":"https:\/\/zaza-lab.com\/sr\/wp-json\/wp\/v2\/pages\/561\/revisions"}],"predecessor-version":[{"id":1260,"href":"https:\/\/zaza-lab.com\/sr\/wp-json\/wp\/v2\/pages\/561\/revisions\/1260"}],"wp:attachment":[{"href":"https:\/\/zaza-lab.com\/sr\/wp-json\/wp\/v2\/media?parent=561"}],"curies":[{"name":"wp","href":"https:\/\/api.w.org\/{rel}","templated":true}]}}