{"id":971,"date":"2023-12-16T10:40:32","date_gmt":"2023-12-16T10:40:32","guid":{"rendered":"https:\/\/zaza-lab.com\/pogoji-uporabe\/"},"modified":"2026-01-05T14:25:40","modified_gmt":"2026-01-05T14:25:40","slug":"pogoji-uporabe","status":"publish","type":"page","link":"https:\/\/zaza-lab.com\/sl\/pogoji-uporabe\/","title":{"rendered":"Pogoji uporabe"},"content":{"rendered":"<div class=\"fusion-fullwidth fullwidth-box fusion-builder-row-1 fusion-flex-container nonhundred-percent-fullwidth non-hundred-percent-height-scrolling\" style=\"--awb-border-radius-top-left:0px;--awb-border-radius-top-right:0px;--awb-border-radius-bottom-right:0px;--awb-border-radius-bottom-left:0px;\" ><div class=\"fusion-builder-row fusion-row fusion-flex-align-items-flex-start\" style=\"max-width:calc( 1336px + 48px );margin-left: calc(-48px \/ 2 );margin-right: calc(-48px \/ 2 );\"><div class=\"fusion-layout-column fusion_builder_column fusion-builder-column-0 fusion_builder_column_1_1 1_1 fusion-flex-column\" style=\"--awb-bg-size:cover;--awb-width-large:100%;--awb-margin-top-large:0px;--awb-spacing-right-large:24px;--awb-margin-bottom-large:0px;--awb-spacing-left-large:24px;--awb-width-medium:100%;--awb-spacing-right-medium:24px;--awb-spacing-left-medium:24px;--awb-width-small:100%;--awb-spacing-right-small:24px;--awb-spacing-left-small:24px;\"><div class=\"fusion-column-wrapper fusion-flex-justify-content-flex-start fusion-content-layout-column\"><div class=\"fusion-text fusion-text-1\"><p>Dobrodo\u0161li v ZAZALAB!<\/p>\n<p>Dolo\u010dila in pogoji opisujejo pravila in predpise za uporabo spletnega mesta ZAZALAB, ki se nahaja na https:\/\/zaza-lab.com\/.<\/p>\n<p>Z dostopom do te spletne strani predvidevamo, da v celoti sprejemate te pogoje in dolo\u010dila. Ne nadaljujte z uporabo ZAZALAB-a, \u010de se ne strinjate z vsemi pogoji, navedenimi na tej strani.<\/p>\n<p>Za ta dolo\u010dila in pogoje, izjavo o zasebnosti in obvestilo o zavrnitvi odgovornosti ter vse pogodbe velja naslednja terminologija: \u00bbStranka\u00ab, \u00bbvi\u00ab in \u00bbva\u0161\u00ab se nana\u0161ajo na vas, osebo, ki se prijavi na tem spletnem mestu in je skladna s pogoji in dolo\u010dili spletnega mesta. &#8220;Podjetje&#8221;, &#8220;mi sami&#8221;, &#8220;mi&#8221;, &#8220;na\u0161&#8221; in &#8220;nas&#8221; se nana\u0161ajo na na\u0161e podjetje. &#8220;Stranka&#8221;, &#8220;stranke&#8221; ali &#8220;nas&#8221; se nana\u0161a tako na naro\u010dnika kot na nas. Vsi pogoji se nana\u0161ajo na ponudbo, sprejem in upo\u0161tevanje pla\u010dila, ki je potreben za izvedbo postopka na\u0161e pomo\u010di stranki na najprimernej\u0161i na\u010din za izrecni namen izpolnjevanja strankinih potreb glede zagotavljanja navedenih storitev dru\u017ebe, v skladu z veljavno zakonodajo Slovenije in EU. Kakr\u0161na koli uporaba zgornje terminologije ali drugih besed v ednini, mno\u017eini, velikih za\u010detnicah in\/ali on\/ona ali oni so medsebojno zamenljivi in se torej nana\u0161ajo na isto.<\/p>\n<h3><strong>Pi\u0161kotki<\/strong><\/h3>\n<p>Uporabljamo uporabo pi\u0161kotkov. Z dostopom do ZAZALAB-a se strinjate z uporabo pi\u0161kotkov v skladu s Politiko zasebnosti ZAZALAB-a.<\/p>\n<p>Ve\u010dina interaktivnih spletnih mest uporablja pi\u0161kotke, da lahko pridobimo podatke o uporabniku za vsak obisk. Na\u0161e spletno mesto uporablja pi\u0161kotke, da omogo\u010di delovanje dolo\u010denih obmo\u010dij in ljudem olaj\u0161a obisk na\u0161ega spletnega mesta. Nekateri na\u0161i pridru\u017eeni\/ogla\u0161evalski partnerji morda uporabljajo tudi pi\u0161kotke.<\/p>\n<h3><strong>Licence<\/strong><\/h3>\n<p>\u010ce ni navedeno druga\u010de, imajo ZAZALAB in\/ali njegovi licencedajalci pravice intelektualne lastnine za vse gradivo na ZAZALABU. Vse pravice intelektualne lastnine so pridr\u017eane. Do tega lahko dostopate pri ZAZALABU za svojo osebno uporabo, za katero veljajo omejitve, dolo\u010dene v teh pogojih.<\/p>\n<p>Ne smete:<\/p>\n<ul>\n<li>Ponovno objaviti gradivo ZAZALABA<\/li>\n<li>Prodajajti, dajajti v najem ali podlicencirati gradivo ZAZALABA<\/li>\n<li>Razmno\u017eevati ali kopirati material ZAZALAB<\/li>\n<li>Redistribuirati vsebino ZAZALABA<\/li>\n<\/ul>\n<p>Ta pogodba za\u010dne veljati na prvi datum prstopa ZAZALAB web strani ali na datum prvega kontaktiranja ZAZALAB zaposlenih<\/p>\n<p>Deli tega spletnega mesta uporabnikom ponujajo prilo\u017enost za objavo in izmenjavo mnenj in informacij na dolo\u010denih podro\u010djih spletnega mesta. ZAZALAB ne filtrira, ureja, objavlja ali pregleduje komentarjev pred njihovo prisotnostjo na spletnem mestu. Komentarji ne izra\u017eajo stali\u0161\u010d in mnenj ZAZALABA, njegovih zastopnikov in\/ali povezanih dru\u017eb. Komentarji odra\u017eajo stali\u0161\u010da in mnenja osebe, ki je objavila svoja stali\u0161\u010da in mnenja. V obsegu, ki ga dovoljuje veljavna zakonodaja, ZAZALAB ni odgovoren za komentarje ali za kakr\u0161no koli odgovornost, \u0161kodo ali stro\u0161ke, ki so povzro\u010deni in\/ali utrpljeni kot posledica uporabe in\/ali objave in\/ali videza komentarjev na tem spletnem mestu.<\/p>\n<p>ZAZALAB si pridr\u017euje pravico do spremljanja vseh komentarjev in odstranitve komentarjev, ki se lahko \u0161tejejo za neprimerne, \u017ealjive ali kr\u0161ijo te Pogoje.<\/p>\n<p>Jam\u010dite in izjavljate, da:<\/p>\n<ul>\n<li>Upravi\u010deni ste do objavljanja komentarjev na na\u0161i spletni strani in za to imate vse potrebne licence in soglasja;<\/li>\n<li>Komentarji ne posegajo v nobeno pravico intelektualne lastnine, vklju\u010dno z avtorskimi pravicami, patentom ali blagovno znamko katere koli tretje osebe, vendar ne omejeno nanje;<\/li>\n<li>Komentarji ne vsebujejo nobenega obrekljivega, \u017ealjivega, nespodobnega ali kako druga\u010de nezakonitega gradiva, ki bi predstavljalo vdor v zasebnost<\/li>\n<li>Komentarji ne bodo uporabljeni za spodbujanje ali promocijo poslovanja ali obi\u010daja ali predstavljanje komercialnih dejavnosti ali nezakonitih dejavnosti.<\/li>\n<\/ul>\n<p>ZAZALAB-u s tem podeljujete neizklju\u010dno licenco za uporabo, reprodukcijo, urejanje in poobla\u0161\u010danje drugih za uporabo, reprodukcijo in urejanje katerega koli va\u0161ega komentarja v vseh oblikah, formatih ali medijih.<\/p>\n<h3><strong>Hiperpovezava do na\u0161e vsebine<\/strong><\/h3>\n<p>Naslednje organizacije se lahko pove\u017eejo z na\u0161im spletnim mestom brez predhodne pisne odobritve:<\/p>\n<ul>\n<li>Vladne agencije;<\/li>\n<li>Internet iskalniki;<\/li>\n<li>Novinarske organizacije;<\/li>\n<li>Distributerji spletnih imenikov se lahko pove\u017eejo z na\u0161o spletno stranjo na enak na\u010din, kot se hiperpovezajo s spletnimi stranmi drugih podjetij, ki kotirajo na borzi; in<\/li>\n<li>Sistemsko akreditirana podjetja, razen nagovarjanja neprofitnih organizacij, dobrodelnih nakupovalnih centrov in dobrodelnih skupin za zbiranje sredstev, ki morda nimajo hiperpovezave do na\u0161ega spletnega mesta.<\/li>\n<\/ul>\n<p>Te organizacije se lahko pove\u017eejo z na\u0161o doma\u010do stranjo, publikacijami ali drugimi informacijami na spletnem mestu, \u010de je povezava: (a) ni na noben na\u010din zavajajo\u010da; (b) ne namiguje na sponzorstvo, podporo ali odobritev povezovalne stranke in njenih izdelkov in\/ali storitev; in (c) ustreza kontekstu spletnega mesta osebe, ki povezuje.<\/p>\n<p>Morda bomo upo\u0161tevali in odobrili druge zahteve za povezavo naslednjih vrst organizacij:<\/p>\n<ul>\n<li>splo\u0161no znani potro\u0161ni\u0161ki in\/ali poslovni viri informacij;<\/li>\n<li>spletna mesta skupnosti dot.com;<\/li>\n<li>zdru\u017eenja ali druge skupine, ki zastopajo dobrodelne ustanove;<\/li>\n<li>distributerji spletnih imenikov;<\/li>\n<li>internetni portali;<\/li>\n<li>ra\u010dunovodske, odvetni\u0161ke in svetovalne dru\u017ebe; in<\/li>\n<li>izobra\u017eevalne ustanove in trgovska zdru\u017eenja.<\/li>\n<\/ul>\n<p>Od teh organizacij bomo odobrili zahteve za povezavo, \u010de se odlo\u010dimo, da: (a) zaradi povezave ne bi bili videti nenaklonjeni sebi ali na\u0161im poobla\u0161\u010denim podjetjem; (b) organizacija nima nobenih negativnih evidenc pri nas; (c) korist za nas zaradi vidnosti hiperpovezave nadomesti odsotnost ZAZALAB-a; in (d) povezava je v kontekstu splo\u0161nih informacij o viru.<\/p>\n<p>Te organizacije se lahko pove\u017eejo z na\u0161o doma\u010do stranjo, \u010de je povezava: (a) ni na noben na\u010din zavajajo\u010da; (b) ne namiguje na sponzorstvo, podporo ali odobritev povezovalne stranke in njenih izdelkov ali storitev; in (c) ustreza kontekstu spletnega mesta osebe, ki povezuje.<\/p>\n<p>\u010ce ste ena od organizacij, na\u0161tetih v 2. odstavku zgoraj, in vas zanima povezava z na\u0161o spletno stranjo, nas morate o tem obvestiti tako, da po\u0161ljete e-po\u0161to na ZAZALAB. Prosimo, vklju\u010dite svoje ime, ime va\u0161e organizacije, kontaktne podatke in URL va\u0161ega spletnega mesta, seznam morebitnih URL-jev, s katerih se nameravate povezati na na\u0161o spletno stran, in seznam URL-jev na na\u0161i spletni strani, katere bi radi povezali. Prosimo po\u010dakajte 2-3 tedne na odgovor.<\/p>\n<p>Odobrene organizacije se lahko hiperpove\u017eejo do na\u0161e spletne strani na naslednji na\u010din:<\/p>\n<ul>\n<li>Z uporabo imena na\u0161ega podjetja; oz<\/li>\n<li>Z uporabo enotnega lokatorja virov, s katerim je povezan; oz<\/li>\n<li>Z uporabo katerega koli drugega opisa na\u0161ega spletnega mesta, s katerim je povezana povezava, ki je smiseln v kontekstu in obliki vsebine na spletnem mestu osebe, ki povezuje.<\/li>\n<\/ul>\n<p>Brez licen\u010dne pogodbe o blagovni znamki za povezovanje ne bo dovoljena uporaba logotipa ZAZALABA ali drugih umetni\u0161kih del.<\/p>\n<h3><strong>e-Okviri (iFrames)<\/strong><\/h3>\n<p>Brez predhodne odobritve in pisnega dovoljenja okoli na\u0161ih spletnih strani ne smete ustvarjati okvirjev, ki kakor koli spreminjajo vizualno predstavitev ali videz na\u0161ega spletnega mesta.<\/p>\n<h3><strong>Odgovornost za vsebino<\/strong><\/h3>\n<p>Ne prevzemamo odgovornosti za vsebino, ki se pojavi na va\u0161i spletni strani. Strinjate se, da nas boste za\u0161\u010ditili in branili pred vsemi zahtevki, ki se pojavljajo na va\u0161i spletni strani. Na nobenem spletnem mestu se ne sme pojaviti nobena(-e) povezava(-e), ki bi jo lahko razlagali kot klevetni\u0161ko, nespodobno ali kaznivo ali ki kr\u0161i, kako druga\u010de kr\u0161i ali zagovarja kr\u0161itev ali drugo kr\u0161itev pravic tretjih oseb.<\/p>\n<h3><strong>Pridr\u017eek pravic<\/strong><\/h3>\n<p>Pridr\u017eujemo si pravico zahtevati, da odstranite vse povezave ali katero koli posamezno povezavo do na\u0161e spletne strani. Strinjate se, da na zahtevo takoj odstranite vse povezave do na\u0161e spletne strani. Prav tako si pridr\u017eujemo pravico, da kadar koli spremenimo te pogoje in dolo\u010dila ter njihovo politiko povezovanja. Z nenehnim povezovanjem na na\u0161e spletno mesto se strinjate, da ste zavezani in upo\u0161tevate te pogoje in dolo\u010dila povezovanja.<\/p>\n<h3><strong>Odstranitev povezav z na\u0161e spletne strani<\/strong><\/h3>\n<p>\u010ce na na\u0161i spletni strani iz kakr\u0161nega koli razloga najdete povezavo, ki je \u017ealjiva, nas lahko kadar koli kontaktirate in obvestite. Upo\u0161tevali bomo zahteve za odstranitev povezav, vendar vam nismo dol\u017eni odgovoriti neposredno.<\/p>\n<p>Ne zagotavljamo, da so informacije na tej spletni strani pravilne, ne jam\u010dimo za njihovo popolnost ali to\u010dnost; prav tako ne obljubljamo, da bomo zagotovili, da bo spletno mesto ostalo na voljo ali da bo gradivo na spletnem mestu posodobljeno.<\/p>\n<h3><strong>Zavrnitev odgovornosti<\/strong><\/h3>\n<p>V najve\u010djem obsegu, ki ga dovoljuje veljavna zakonodaja, izklju\u010dujemo vsa zagotovila, jamstva in pogoje v zvezi z na\u0161o spletno stranjo in uporabo te spletne strani. Ni\u010d v tej izjavi o omejitvi odgovornosti ne bo:<\/p>\n<ul>\n<li>omejilo ali izklju\u010dilo na\u0161o ali va\u0161o odgovornost za smrt ali telesne po\u0161kodbe;<\/li>\n<li>omejilo ali izklju\u010dilo na\u0161o ali va\u0161o odgovornost za goljufijo ali la\u017eno la\u017eno predstavljanje;<\/li>\n<li>omejilo katero koli na\u0161o ali va\u0161o odgovornost na kakr\u0161en koli na\u010din, ki ni dovoljen po veljavni zakonodaji; oz<\/li>\n<li>izklju\u010dilo katero koli na\u0161o ali va\u0161o odgovornost, ki je ni mogo\u010de izklju\u010diti v skladu z veljavno zakonodajo.<\/li>\n<\/ul>\n<p>Omejitve in prepovedi odgovornosti, dolo\u010dene v tem razdelku in drugje v tej izjavi o omejitvi odgovornosti: (a) so predmet prej\u0161njega odstavka; in (b) urejajo vse obveznosti, ki izhajajo iz izjave o omejitvi odgovornosti, vklju\u010dno z obveznostmi, ki izhajajo iz pogodbe, od\u0161kodninske odgovornosti in kr\u0161itve zakonske dol\u017enosti.<\/p>\n<p>Dokler so spletno mesto ter informacije in storitve na spletnem mestu na voljo brezpla\u010dno, ne bomo odgovorni za kakr\u0161no koli izgubo ali \u0161kodo kakr\u0161ne koli narave.<\/p>\n<\/div><\/div><\/div><\/div><\/div>\n","protected":false},"excerpt":{"rendered":"","protected":false},"author":1,"featured_media":0,"parent":0,"menu_order":0,"comment_status":"closed","ping_status":"closed","template":"100-width.php","meta":{"footnotes":""},"class_list":["post-971","page","type-page","status-publish","hentry"],"yoast_head":"<!-- This site is optimized with the Yoast SEO plugin v25.6 - https:\/\/yoast.com\/wordpress\/plugins\/seo\/ -->\n<title>Pogoji uporabe - ZAZALAB<\/title>\n<meta name=\"robots\" content=\"index, follow, max-snippet:-1, max-image-preview:large, max-video-preview:-1\" \/>\n<link rel=\"canonical\" href=\"https:\/\/zaza-lab.com\/sl\/pogoji-uporabe\/\" \/>\n<meta property=\"og:locale\" content=\"sl_SI\" \/>\n<meta property=\"og:type\" content=\"article\" \/>\n<meta property=\"og:title\" content=\"Pogoji uporabe - ZAZALAB\" \/>\n<meta property=\"og:url\" content=\"https:\/\/zaza-lab.com\/sl\/pogoji-uporabe\/\" \/>\n<meta property=\"og:site_name\" content=\"ZAZALAB\" \/>\n<meta property=\"article:modified_time\" content=\"2026-01-05T14:25:40+00:00\" \/>\n<meta name=\"twitter:card\" content=\"summary_large_image\" \/>\n<meta name=\"twitter:label1\" content=\"Est. reading time\" \/>\n\t<meta name=\"twitter:data1\" content=\"9 minut\" \/>\n<script type=\"application\/ld+json\" class=\"yoast-schema-graph\">{\"@context\":\"https:\/\/schema.org\",\"@graph\":[{\"@type\":\"WebPage\",\"@id\":\"https:\/\/zaza-lab.com\/sl\/pogoji-uporabe\/\",\"url\":\"https:\/\/zaza-lab.com\/sl\/pogoji-uporabe\/\",\"name\":\"Pogoji uporabe - ZAZALAB\",\"isPartOf\":{\"@id\":\"https:\/\/zaza-lab.com\/#website\"},\"datePublished\":\"2023-12-16T10:40:32+00:00\",\"dateModified\":\"2026-01-05T14:25:40+00:00\",\"breadcrumb\":{\"@id\":\"https:\/\/zaza-lab.com\/sl\/pogoji-uporabe\/#breadcrumb\"},\"inLanguage\":\"sl-SI\",\"potentialAction\":[{\"@type\":\"ReadAction\",\"target\":[\"https:\/\/zaza-lab.com\/sl\/pogoji-uporabe\/\"]}]},{\"@type\":\"BreadcrumbList\",\"@id\":\"https:\/\/zaza-lab.com\/sl\/pogoji-uporabe\/#breadcrumb\",\"itemListElement\":[{\"@type\":\"ListItem\",\"position\":1,\"name\":\"Home\",\"item\":\"https:\/\/zaza-lab.com\/sl\/\"},{\"@type\":\"ListItem\",\"position\":2,\"name\":\"Pogoji uporabe\"}]},{\"@type\":\"WebSite\",\"@id\":\"https:\/\/zaza-lab.com\/#website\",\"url\":\"https:\/\/zaza-lab.com\/\",\"name\":\"ZAZALAB\",\"description\":\"One place. Many solutions.\",\"publisher\":{\"@id\":\"https:\/\/zaza-lab.com\/#organization\"},\"potentialAction\":[{\"@type\":\"SearchAction\",\"target\":{\"@type\":\"EntryPoint\",\"urlTemplate\":\"https:\/\/zaza-lab.com\/?s={search_term_string}\"},\"query-input\":{\"@type\":\"PropertyValueSpecification\",\"valueRequired\":true,\"valueName\":\"search_term_string\"}}],\"inLanguage\":\"sl-SI\"},{\"@type\":\"Organization\",\"@id\":\"https:\/\/zaza-lab.com\/#organization\",\"name\":\"ZAZALAB\",\"url\":\"https:\/\/zaza-lab.com\/\",\"logo\":{\"@type\":\"ImageObject\",\"inLanguage\":\"sl-SI\",\"@id\":\"https:\/\/zaza-lab.com\/#\/schema\/logo\/image\/\",\"url\":\"https:\/\/zaza-lab.com\/wp-content\/uploads\/2023\/02\/zazalab-logo.svg\",\"contentUrl\":\"https:\/\/zaza-lab.com\/wp-content\/uploads\/2023\/02\/zazalab-logo.svg\",\"width\":548,\"height\":135,\"caption\":\"ZAZALAB\"},\"image\":{\"@id\":\"https:\/\/zaza-lab.com\/#\/schema\/logo\/image\/\"}}]}<\/script>\n<!-- \/ Yoast SEO plugin. -->","yoast_head_json":{"title":"Pogoji uporabe - ZAZALAB","robots":{"index":"index","follow":"follow","max-snippet":"max-snippet:-1","max-image-preview":"max-image-preview:large","max-video-preview":"max-video-preview:-1"},"canonical":"https:\/\/zaza-lab.com\/sl\/pogoji-uporabe\/","og_locale":"sl_SI","og_type":"article","og_title":"Pogoji uporabe - ZAZALAB","og_url":"https:\/\/zaza-lab.com\/sl\/pogoji-uporabe\/","og_site_name":"ZAZALAB","article_modified_time":"2026-01-05T14:25:40+00:00","twitter_card":"summary_large_image","twitter_misc":{"Est. reading time":"9 minut"},"schema":{"@context":"https:\/\/schema.org","@graph":[{"@type":"WebPage","@id":"https:\/\/zaza-lab.com\/sl\/pogoji-uporabe\/","url":"https:\/\/zaza-lab.com\/sl\/pogoji-uporabe\/","name":"Pogoji uporabe - ZAZALAB","isPartOf":{"@id":"https:\/\/zaza-lab.com\/#website"},"datePublished":"2023-12-16T10:40:32+00:00","dateModified":"2026-01-05T14:25:40+00:00","breadcrumb":{"@id":"https:\/\/zaza-lab.com\/sl\/pogoji-uporabe\/#breadcrumb"},"inLanguage":"sl-SI","potentialAction":[{"@type":"ReadAction","target":["https:\/\/zaza-lab.com\/sl\/pogoji-uporabe\/"]}]},{"@type":"BreadcrumbList","@id":"https:\/\/zaza-lab.com\/sl\/pogoji-uporabe\/#breadcrumb","itemListElement":[{"@type":"ListItem","position":1,"name":"Home","item":"https:\/\/zaza-lab.com\/sl\/"},{"@type":"ListItem","position":2,"name":"Pogoji uporabe"}]},{"@type":"WebSite","@id":"https:\/\/zaza-lab.com\/#website","url":"https:\/\/zaza-lab.com\/","name":"ZAZALAB","description":"One place. Many solutions.","publisher":{"@id":"https:\/\/zaza-lab.com\/#organization"},"potentialAction":[{"@type":"SearchAction","target":{"@type":"EntryPoint","urlTemplate":"https:\/\/zaza-lab.com\/?s={search_term_string}"},"query-input":{"@type":"PropertyValueSpecification","valueRequired":true,"valueName":"search_term_string"}}],"inLanguage":"sl-SI"},{"@type":"Organization","@id":"https:\/\/zaza-lab.com\/#organization","name":"ZAZALAB","url":"https:\/\/zaza-lab.com\/","logo":{"@type":"ImageObject","inLanguage":"sl-SI","@id":"https:\/\/zaza-lab.com\/#\/schema\/logo\/image\/","url":"https:\/\/zaza-lab.com\/wp-content\/uploads\/2023\/02\/zazalab-logo.svg","contentUrl":"https:\/\/zaza-lab.com\/wp-content\/uploads\/2023\/02\/zazalab-logo.svg","width":548,"height":135,"caption":"ZAZALAB"},"image":{"@id":"https:\/\/zaza-lab.com\/#\/schema\/logo\/image\/"}}]}},"_links":{"self":[{"href":"https:\/\/zaza-lab.com\/sl\/wp-json\/wp\/v2\/pages\/971","targetHints":{"allow":["GET"]}}],"collection":[{"href":"https:\/\/zaza-lab.com\/sl\/wp-json\/wp\/v2\/pages"}],"about":[{"href":"https:\/\/zaza-lab.com\/sl\/wp-json\/wp\/v2\/types\/page"}],"author":[{"embeddable":true,"href":"https:\/\/zaza-lab.com\/sl\/wp-json\/wp\/v2\/users\/1"}],"replies":[{"embeddable":true,"href":"https:\/\/zaza-lab.com\/sl\/wp-json\/wp\/v2\/comments?post=971"}],"version-history":[{"count":13,"href":"https:\/\/zaza-lab.com\/sl\/wp-json\/wp\/v2\/pages\/971\/revisions"}],"predecessor-version":[{"id":1119,"href":"https:\/\/zaza-lab.com\/sl\/wp-json\/wp\/v2\/pages\/971\/revisions\/1119"}],"wp:attachment":[{"href":"https:\/\/zaza-lab.com\/sl\/wp-json\/wp\/v2\/media?parent=971"}],"curies":[{"name":"wp","href":"https:\/\/api.w.org\/{rel}","templated":true}]}}