{"id":668,"date":"2023-08-08T17:49:26","date_gmt":"2023-08-08T17:49:26","guid":{"rendered":"https:\/\/zaza-lab.com\/uredba-o-kozmeticnih-izdelkih\/"},"modified":"2026-01-10T21:03:14","modified_gmt":"2026-01-10T21:03:14","slug":"uredba-o-kozmeticnih-izdelkih","status":"publish","type":"page","link":"https:\/\/zaza-lab.com\/sl\/uredba-o-kozmeticnih-izdelkih\/","title":{"rendered":"UREDBA O KOZMETI\u010cNIH IZDELKIH"},"content":{"rendered":"<p><div class=\"fusion-fullwidth fullwidth-box fusion-builder-row-1 fusion-flex-container has-pattern-background has-mask-background nonhundred-percent-fullwidth non-hundred-percent-height-scrolling\" style=\"--awb-border-radius-top-left:0px;--awb-border-radius-top-right:0px;--awb-border-radius-bottom-right:0px;--awb-border-radius-bottom-left:0px;--awb-padding-top:64px;--awb-padding-bottom:64px;--awb-background-color:var(--awb-color2);\" ><div class=\"fusion-builder-row fusion-row fusion-flex-align-items-stretch\" style=\"max-width:calc( 1336px + 48px );margin-left: calc(-48px \/ 2 );margin-right: calc(-48px \/ 2 );\"><div class=\"fusion-layout-column fusion_builder_column fusion-builder-column-0 fusion_builder_column_1_2 1_2 fusion-flex-column\" style=\"--awb-bg-size:cover;--awb-width-large:50%;--awb-margin-top-large:16px;--awb-spacing-right-large:24px;--awb-margin-bottom-large:16px;--awb-spacing-left-large:24px;--awb-width-medium:100%;--awb-order-medium:0;--awb-spacing-right-medium:24px;--awb-spacing-left-medium:24px;--awb-width-small:100%;--awb-order-small:0;--awb-spacing-right-small:24px;--awb-spacing-left-small:24px;\"><div class=\"fusion-column-wrapper fusion-column-has-shadow fusion-flex-justify-content-center fusion-content-layout-column\"><div class=\"fusion-title title fusion-title-1 fusion-sep-none fusion-title-text fusion-title-size-one\" style=\"--awb-margin-bottom:40px;\"><h1 class=\"title-heading-left fusion-responsive-typography-calculated\" style=\"margin:0;--fontSize:64;line-height:var(--awb-typography1-line-height);\">UREDBA O KOZMETI\u010cNIH IZDELKIH<\/h1><\/div><div class=\"fusion-builder-row fusion-builder-row-inner fusion-row fusion-flex-align-items-stretch\" style=\"width:calc( 100% + 48px ) !important;max-width:calc( 100% + 48px ) !important;margin-left: calc(-48px \/ 2 );margin-right: calc(-48px \/ 2 );\"><div class=\"fusion-layout-column fusion_builder_column_inner fusion-builder-nested-column-0 fusion_builder_column_inner_1_1 1_1 fusion-flex-column\" style=\"--awb-bg-size:cover;--awb-width-large:100%;--awb-margin-top-large:16px;--awb-spacing-right-large:24px;--awb-margin-bottom-large:45px;--awb-spacing-left-large:24px;--awb-width-medium:100%;--awb-order-medium:0;--awb-spacing-right-medium:24px;--awb-spacing-left-medium:24px;--awb-width-small:50%;--awb-order-small:0;--awb-spacing-right-small:24px;--awb-spacing-left-small:24px;\"><div class=\"fusion-column-wrapper fusion-column-has-shadow fusion-flex-justify-content-flex-start fusion-content-layout-column\"><div class=\"fusion-text fusion-text-1 fusion-text-no-margin\"><p>Izdelali ste svoj kozmeti\u010dni izdelek in ga sedaj \u017eelite dati na trg?<br \/>\nAli se vam regulativne zahteve zdijo zapletene in zmedene?<br \/>\nBrez skrbi \u2013 ZazaLab je tukaj, da vam pomaga skozi celoten proces.<br \/>\nSpra\u0161ujete se, kaj storiti najprej? Izberite, kje nameravate tr\u017eiti svoje izdelke:<\/p>\n<\/div><\/div><\/div><\/div><\/div><\/div><div class=\"fusion-layout-column fusion_builder_column fusion-builder-column-1 fusion_builder_column_1_2 1_2 fusion-flex-column\" style=\"--awb-bg-size:cover;--awb-width-large:50%;--awb-margin-top-large:16px;--awb-spacing-right-large:24px;--awb-margin-bottom-large:16px;--awb-spacing-left-large:24px;--awb-width-medium:100%;--awb-order-medium:2;--awb-spacing-right-medium:24px;--awb-spacing-left-medium:24px;--awb-width-small:100%;--awb-order-small:0;--awb-spacing-right-small:24px;--awb-spacing-left-small:24px;\"><div class=\"fusion-column-wrapper fusion-column-has-shadow fusion-flex-justify-content-flex-start fusion-content-layout-column\"><div class=\"fusion-image-element \" style=\"--awb-caption-title-size:var(--h2_typography-font-size);--awb-caption-title-transform:var(--h2_typography-text-transform);--awb-caption-title-line-height:var(--h2_typography-line-height);--awb-caption-title-letter-spacing:var(--h2_typography-letter-spacing);\"><span class=\" fusion-imageframe imageframe-none imageframe-1 hover-type-none\"><img decoding=\"async\" width=\"1920\" height=\"1080\" title=\"cosmetics-regulation-zazalab\" src=\"https:\/\/zaza-lab.com\/wp-content\/uploads\/2023\/08\/cosmetics-regulation-zazalab.jpg\" alt class=\"img-responsive wp-image-446 disable-lazyload\" srcset=\"https:\/\/zaza-lab.com\/wp-content\/uploads\/2023\/08\/cosmetics-regulation-zazalab-200x113.jpg 200w, https:\/\/zaza-lab.com\/wp-content\/uploads\/2023\/08\/cosmetics-regulation-zazalab-400x225.jpg 400w, https:\/\/zaza-lab.com\/wp-content\/uploads\/2023\/08\/cosmetics-regulation-zazalab-600x338.jpg 600w, https:\/\/zaza-lab.com\/wp-content\/uploads\/2023\/08\/cosmetics-regulation-zazalab-800x450.jpg 800w, https:\/\/zaza-lab.com\/wp-content\/uploads\/2023\/08\/cosmetics-regulation-zazalab-1200x675.jpg 1200w, https:\/\/zaza-lab.com\/wp-content\/uploads\/2023\/08\/cosmetics-regulation-zazalab.jpg 1920w\" sizes=\"(max-width: 768px) 100vw, 800px\" \/><\/span><\/div><\/div><\/div><\/div><\/div><div id=\"Zahteve-Evropske-unije-EU-za-kozmeti\u010dne-izdelke\" class=\"fusion-container-anchor\"><div class=\"fusion-fullwidth fullwidth-box fusion-builder-row-2 fusion-flex-container has-pattern-background has-mask-background nonhundred-percent-fullwidth non-hundred-percent-height-scrolling\" style=\"--awb-border-radius-top-left:0px;--awb-border-radius-top-right:0px;--awb-border-radius-bottom-right:0px;--awb-border-radius-bottom-left:0px;--awb-padding-top:64px;--awb-padding-bottom:64px;--awb-background-color:var(--awb-color1);\" ><div class=\"fusion-builder-row fusion-row fusion-flex-align-items-stretch\" style=\"max-width:calc( 1336px + 48px );margin-left: calc(-48px \/ 2 );margin-right: calc(-48px \/ 2 );\"><div class=\"fusion-layout-column fusion_builder_column fusion-builder-column-2 fusion_builder_column_1_2 1_2 fusion-flex-column\" style=\"--awb-bg-size:cover;--awb-width-large:50%;--awb-margin-top-large:16px;--awb-spacing-right-large:24px;--awb-margin-bottom-large:16px;--awb-spacing-left-large:24px;--awb-width-medium:100%;--awb-order-medium:2;--awb-spacing-right-medium:24px;--awb-spacing-left-medium:24px;--awb-width-small:100%;--awb-order-small:0;--awb-spacing-right-small:24px;--awb-spacing-left-small:24px;\"><div class=\"fusion-column-wrapper fusion-column-has-shadow fusion-flex-justify-content-flex-start fusion-content-layout-column\"><div class=\"fusion-image-element \" style=\"text-align:center;--awb-aspect-ratio:1 \/ 1;--awb-caption-title-size:var(--h2_typography-font-size);--awb-caption-title-transform:var(--h2_typography-text-transform);--awb-caption-title-line-height:var(--h2_typography-line-height);--awb-caption-title-letter-spacing:var(--h2_typography-letter-spacing);\"><span class=\" fusion-imageframe imageframe-none imageframe-2 hover-type-none has-aspect-ratio\"><img decoding=\"async\" width=\"814\" height=\"1178\" title=\"a1\" src=\"https:\/\/zaza-lab.com\/wp-content\/uploads\/2023\/02\/a1.jpg\" data-orig-src=\"https:\/\/zaza-lab.com\/wp-content\/uploads\/2023\/02\/a1.jpg\" class=\"lazyload img-responsive wp-image-412 img-with-aspect-ratio\" alt srcset=\"data:image\/svg+xml,%3Csvg%20xmlns%3D%27http%3A%2F%2Fwww.w3.org%2F2000%2Fsvg%27%20width%3D%27814%27%20height%3D%271178%27%20viewBox%3D%270%200%20814%201178%27%3E%3Crect%20width%3D%27814%27%20height%3D%271178%27%20fill-opacity%3D%220%22%2F%3E%3C%2Fsvg%3E\" data-srcset=\"https:\/\/zaza-lab.com\/wp-content\/uploads\/2023\/02\/a1-200x289.jpg 200w, https:\/\/zaza-lab.com\/wp-content\/uploads\/2023\/02\/a1-400x579.jpg 400w, https:\/\/zaza-lab.com\/wp-content\/uploads\/2023\/02\/a1-600x868.jpg 600w, https:\/\/zaza-lab.com\/wp-content\/uploads\/2023\/02\/a1-800x1158.jpg 800w, https:\/\/zaza-lab.com\/wp-content\/uploads\/2023\/02\/a1.jpg 814w\" data-sizes=\"auto\" data-orig-sizes=\"(max-width: 768px) 100vw, 800px\" \/><\/span><\/div><\/div><\/div><div class=\"fusion-layout-column fusion_builder_column fusion-builder-column-3 fusion_builder_column_1_2 1_2 fusion-flex-column\" style=\"--awb-bg-size:cover;--awb-width-large:50%;--awb-margin-top-large:16px;--awb-spacing-right-large:24px;--awb-margin-bottom-large:16px;--awb-spacing-left-large:24px;--awb-width-medium:100%;--awb-order-medium:0;--awb-spacing-right-medium:24px;--awb-spacing-left-medium:24px;--awb-width-small:100%;--awb-order-small:0;--awb-spacing-right-small:24px;--awb-spacing-left-small:24px;\"><div class=\"fusion-column-wrapper fusion-column-has-shadow fusion-flex-justify-content-center fusion-content-layout-column\"><div class=\"fusion-title title fusion-title-2 fusion-sep-none fusion-title-text fusion-title-size-three\" style=\"--awb-margin-bottom:35px;\"><h3 class=\"title-heading-left fusion-responsive-typography-calculated\" style=\"margin:0;--fontSize:36;line-height:var(--awb-typography1-line-height);\">Zahteve Evropske unije (EU) za kozmeti\u010dne izdelke<\/h3><\/div><div class=\"fusion-text fusion-text-2 fusion-text-no-margin\" style=\"--awb-margin-bottom:50px;\"><p>\u010ce ste se odlo\u010dili, da boste svoj izdelek prodajali v dr\u017eavah Evropske unije (EU), je va\u0161a obveznost:<\/p>\n<ol>\n<li>Proizvajati (ali uva\u017eati) kozmeti\u010dne izdelke v skladu z GMP (Dobra Proizvodna Praksa) za kozmetiko (ISO 22716)<\/li>\n<li>Dolo\u010diti odgovorno osebo. Odgovorna oseba po EC 1223\/2009 je oseba ali podjetje, katerega glavna naloga je skrbeti, da so kozmeti\u010dni izdelki, ki se dajejo na trg EU, varni za zdravje ljudi in skladni z ustreznimi predpisi.<\/li>\n<li>Prijaviti svoje izdelke na CPNP (Cosmetic Products Notification Portal)<\/li>\n<li>Pripraviti PIF (Product Information File) za vse izdelke, ki jih proizvajate in\/ali uva\u017eate<\/li>\n<li>Druge nacionalne zahteve, specifi\u010dne za vsako dr\u017eavo<\/li>\n<\/ol>\n<\/div><\/div><\/div><\/div><\/div><\/div><div id=\"Zahteve-Republike-Srbije-za-kozmeti\u010dne-izdelke\" class=\"fusion-container-anchor\"><div class=\"fusion-fullwidth fullwidth-box fusion-builder-row-3 fusion-flex-container has-pattern-background has-mask-background nonhundred-percent-fullwidth non-hundred-percent-height-scrolling\" style=\"--awb-border-radius-top-left:0px;--awb-border-radius-top-right:0px;--awb-border-radius-bottom-right:0px;--awb-border-radius-bottom-left:0px;--awb-padding-top:64px;--awb-padding-bottom:64px;--awb-background-color:var(--awb-color2);\" ><div class=\"fusion-builder-row fusion-row fusion-flex-align-items-stretch\" style=\"max-width:calc( 1336px + 48px );margin-left: calc(-48px \/ 2 );margin-right: calc(-48px \/ 2 );\"><div class=\"fusion-layout-column fusion_builder_column fusion-builder-column-4 fusion_builder_column_1_2 1_2 fusion-flex-column\" style=\"--awb-bg-size:cover;--awb-width-large:50%;--awb-margin-top-large:16px;--awb-spacing-right-large:24px;--awb-margin-bottom-large:16px;--awb-spacing-left-large:24px;--awb-width-medium:100%;--awb-order-medium:0;--awb-spacing-right-medium:24px;--awb-spacing-left-medium:24px;--awb-width-small:100%;--awb-order-small:0;--awb-spacing-right-small:24px;--awb-spacing-left-small:24px;\"><div class=\"fusion-column-wrapper fusion-column-has-shadow fusion-flex-justify-content-center fusion-content-layout-column\"><div class=\"fusion-title title fusion-title-3 fusion-sep-none fusion-title-text fusion-title-size-three\" style=\"--awb-margin-bottom:35px;\"><h3 class=\"title-heading-left fusion-responsive-typography-calculated\" style=\"margin:0;--fontSize:36;line-height:var(--awb-typography1-line-height);\">Zahteve Republike Srbije za kozmeti\u010dne izdelke<\/h3><\/div><div class=\"fusion-text fusion-text-3 fusion-text-no-margin\" style=\"--awb-margin-bottom:50px;\"><p>\u010ce ste se odlo\u010dili prodajati svoje izdelke v Republiki Srbiji, ste od leta 2023 dalje dol\u017eni izpolnjevati podobne zahteve, kot veljajo za dr\u017eave Evropske unije.<\/p>\n<p>Ekipa ZazaLab vam je pripravljena pomagati pri zagotavljanju skladnosti z regulativnimi zahtevami!<\/p>\n<\/div><\/div><\/div><div class=\"fusion-layout-column fusion_builder_column fusion-builder-column-5 fusion_builder_column_1_2 1_2 fusion-flex-column\" style=\"--awb-bg-size:cover;--awb-width-large:50%;--awb-margin-top-large:16px;--awb-spacing-right-large:24px;--awb-margin-bottom-large:16px;--awb-spacing-left-large:24px;--awb-width-medium:100%;--awb-order-medium:2;--awb-spacing-right-medium:24px;--awb-spacing-left-medium:24px;--awb-width-small:100%;--awb-order-small:0;--awb-spacing-right-small:24px;--awb-spacing-left-small:24px;\"><div class=\"fusion-column-wrapper fusion-column-has-shadow fusion-flex-justify-content-flex-start fusion-content-layout-column\"><div class=\"fusion-image-element \" style=\"text-align:center;--awb-aspect-ratio:1 \/ 1;--awb-caption-title-size:var(--h2_typography-font-size);--awb-caption-title-transform:var(--h2_typography-text-transform);--awb-caption-title-line-height:var(--h2_typography-line-height);--awb-caption-title-letter-spacing:var(--h2_typography-letter-spacing);\"><span class=\" fusion-imageframe imageframe-none imageframe-3 hover-type-none has-aspect-ratio\"><img decoding=\"async\" width=\"1800\" height=\"1200\" title=\"Serbian-Cosmetics-Compliance\" src=\"https:\/\/zaza-lab.com\/wp-content\/uploads\/2023\/10\/Serbian-Cosmetics-Compliance.jpg\" data-orig-src=\"https:\/\/zaza-lab.com\/wp-content\/uploads\/2023\/10\/Serbian-Cosmetics-Compliance.jpg\" class=\"lazyload img-responsive wp-image-492 img-with-aspect-ratio\" alt srcset=\"data:image\/svg+xml,%3Csvg%20xmlns%3D%27http%3A%2F%2Fwww.w3.org%2F2000%2Fsvg%27%20width%3D%271800%27%20height%3D%271200%27%20viewBox%3D%270%200%201800%201200%27%3E%3Crect%20width%3D%271800%27%20height%3D%271200%27%20fill-opacity%3D%220%22%2F%3E%3C%2Fsvg%3E\" data-srcset=\"https:\/\/zaza-lab.com\/wp-content\/uploads\/2023\/10\/Serbian-Cosmetics-Compliance-200x133.jpg 200w, https:\/\/zaza-lab.com\/wp-content\/uploads\/2023\/10\/Serbian-Cosmetics-Compliance-400x267.jpg 400w, https:\/\/zaza-lab.com\/wp-content\/uploads\/2023\/10\/Serbian-Cosmetics-Compliance-600x400.jpg 600w, https:\/\/zaza-lab.com\/wp-content\/uploads\/2023\/10\/Serbian-Cosmetics-Compliance-800x533.jpg 800w, https:\/\/zaza-lab.com\/wp-content\/uploads\/2023\/10\/Serbian-Cosmetics-Compliance-1200x800.jpg 1200w, https:\/\/zaza-lab.com\/wp-content\/uploads\/2023\/10\/Serbian-Cosmetics-Compliance.jpg 1800w\" data-sizes=\"auto\" data-orig-sizes=\"(max-width: 768px) 100vw, 800px\" \/><\/span><\/div><\/div><\/div><\/div><\/div><\/div><\/p>\n","protected":false},"excerpt":{"rendered":"","protected":false},"author":1,"featured_media":0,"parent":0,"menu_order":0,"comment_status":"closed","ping_status":"closed","template":"100-width.php","meta":{"footnotes":""},"class_list":["post-668","page","type-page","status-publish","hentry"],"yoast_head":"<!-- This site is optimized with the Yoast SEO plugin v25.6 - https:\/\/yoast.com\/wordpress\/plugins\/seo\/ -->\n<title>UREDBA O KOZMETI\u010cNIH IZDELKIH - ZAZALAB<\/title>\n<meta name=\"robots\" content=\"index, follow, max-snippet:-1, max-image-preview:large, max-video-preview:-1\" \/>\n<link rel=\"canonical\" href=\"https:\/\/zaza-lab.com\/sl\/uredba-o-kozmeticnih-izdelkih\/\" \/>\n<meta property=\"og:locale\" content=\"sl_SI\" \/>\n<meta property=\"og:type\" content=\"article\" \/>\n<meta property=\"og:title\" content=\"UREDBA O KOZMETI\u010cNIH IZDELKIH - ZAZALAB\" \/>\n<meta property=\"og:url\" content=\"https:\/\/zaza-lab.com\/sl\/uredba-o-kozmeticnih-izdelkih\/\" \/>\n<meta property=\"og:site_name\" content=\"ZAZALAB\" \/>\n<meta property=\"article:modified_time\" content=\"2026-01-10T21:03:14+00:00\" \/>\n<meta name=\"twitter:card\" content=\"summary_large_image\" \/>\n<meta name=\"twitter:label1\" content=\"Est. reading time\" \/>\n\t<meta name=\"twitter:data1\" content=\"10 minut\" \/>\n<script type=\"application\/ld+json\" class=\"yoast-schema-graph\">{\"@context\":\"https:\/\/schema.org\",\"@graph\":[{\"@type\":\"WebPage\",\"@id\":\"https:\/\/zaza-lab.com\/sl\/uredba-o-kozmeticnih-izdelkih\/\",\"url\":\"https:\/\/zaza-lab.com\/sl\/uredba-o-kozmeticnih-izdelkih\/\",\"name\":\"UREDBA O KOZMETI\u010cNIH IZDELKIH - ZAZALAB\",\"isPartOf\":{\"@id\":\"https:\/\/zaza-lab.com\/#website\"},\"datePublished\":\"2023-08-08T17:49:26+00:00\",\"dateModified\":\"2026-01-10T21:03:14+00:00\",\"breadcrumb\":{\"@id\":\"https:\/\/zaza-lab.com\/sl\/uredba-o-kozmeticnih-izdelkih\/#breadcrumb\"},\"inLanguage\":\"sl-SI\",\"potentialAction\":[{\"@type\":\"ReadAction\",\"target\":[\"https:\/\/zaza-lab.com\/sl\/uredba-o-kozmeticnih-izdelkih\/\"]}]},{\"@type\":\"BreadcrumbList\",\"@id\":\"https:\/\/zaza-lab.com\/sl\/uredba-o-kozmeticnih-izdelkih\/#breadcrumb\",\"itemListElement\":[{\"@type\":\"ListItem\",\"position\":1,\"name\":\"Home\",\"item\":\"https:\/\/zaza-lab.com\/sl\/\"},{\"@type\":\"ListItem\",\"position\":2,\"name\":\"UREDBA O KOZMETI\u010cNIH IZDELKIH\"}]},{\"@type\":\"WebSite\",\"@id\":\"https:\/\/zaza-lab.com\/#website\",\"url\":\"https:\/\/zaza-lab.com\/\",\"name\":\"ZAZALAB\",\"description\":\"One place. Many solutions.\",\"publisher\":{\"@id\":\"https:\/\/zaza-lab.com\/#organization\"},\"potentialAction\":[{\"@type\":\"SearchAction\",\"target\":{\"@type\":\"EntryPoint\",\"urlTemplate\":\"https:\/\/zaza-lab.com\/?s={search_term_string}\"},\"query-input\":{\"@type\":\"PropertyValueSpecification\",\"valueRequired\":true,\"valueName\":\"search_term_string\"}}],\"inLanguage\":\"sl-SI\"},{\"@type\":\"Organization\",\"@id\":\"https:\/\/zaza-lab.com\/#organization\",\"name\":\"ZAZALAB\",\"url\":\"https:\/\/zaza-lab.com\/\",\"logo\":{\"@type\":\"ImageObject\",\"inLanguage\":\"sl-SI\",\"@id\":\"https:\/\/zaza-lab.com\/#\/schema\/logo\/image\/\",\"url\":\"https:\/\/zaza-lab.com\/wp-content\/uploads\/2023\/02\/zazalab-logo.svg\",\"contentUrl\":\"https:\/\/zaza-lab.com\/wp-content\/uploads\/2023\/02\/zazalab-logo.svg\",\"width\":548,\"height\":135,\"caption\":\"ZAZALAB\"},\"image\":{\"@id\":\"https:\/\/zaza-lab.com\/#\/schema\/logo\/image\/\"}}]}<\/script>\n<!-- \/ Yoast SEO plugin. -->","yoast_head_json":{"title":"UREDBA O KOZMETI\u010cNIH IZDELKIH - ZAZALAB","robots":{"index":"index","follow":"follow","max-snippet":"max-snippet:-1","max-image-preview":"max-image-preview:large","max-video-preview":"max-video-preview:-1"},"canonical":"https:\/\/zaza-lab.com\/sl\/uredba-o-kozmeticnih-izdelkih\/","og_locale":"sl_SI","og_type":"article","og_title":"UREDBA O KOZMETI\u010cNIH IZDELKIH - ZAZALAB","og_url":"https:\/\/zaza-lab.com\/sl\/uredba-o-kozmeticnih-izdelkih\/","og_site_name":"ZAZALAB","article_modified_time":"2026-01-10T21:03:14+00:00","twitter_card":"summary_large_image","twitter_misc":{"Est. reading time":"10 minut"},"schema":{"@context":"https:\/\/schema.org","@graph":[{"@type":"WebPage","@id":"https:\/\/zaza-lab.com\/sl\/uredba-o-kozmeticnih-izdelkih\/","url":"https:\/\/zaza-lab.com\/sl\/uredba-o-kozmeticnih-izdelkih\/","name":"UREDBA O KOZMETI\u010cNIH IZDELKIH - ZAZALAB","isPartOf":{"@id":"https:\/\/zaza-lab.com\/#website"},"datePublished":"2023-08-08T17:49:26+00:00","dateModified":"2026-01-10T21:03:14+00:00","breadcrumb":{"@id":"https:\/\/zaza-lab.com\/sl\/uredba-o-kozmeticnih-izdelkih\/#breadcrumb"},"inLanguage":"sl-SI","potentialAction":[{"@type":"ReadAction","target":["https:\/\/zaza-lab.com\/sl\/uredba-o-kozmeticnih-izdelkih\/"]}]},{"@type":"BreadcrumbList","@id":"https:\/\/zaza-lab.com\/sl\/uredba-o-kozmeticnih-izdelkih\/#breadcrumb","itemListElement":[{"@type":"ListItem","position":1,"name":"Home","item":"https:\/\/zaza-lab.com\/sl\/"},{"@type":"ListItem","position":2,"name":"UREDBA O KOZMETI\u010cNIH IZDELKIH"}]},{"@type":"WebSite","@id":"https:\/\/zaza-lab.com\/#website","url":"https:\/\/zaza-lab.com\/","name":"ZAZALAB","description":"One place. Many solutions.","publisher":{"@id":"https:\/\/zaza-lab.com\/#organization"},"potentialAction":[{"@type":"SearchAction","target":{"@type":"EntryPoint","urlTemplate":"https:\/\/zaza-lab.com\/?s={search_term_string}"},"query-input":{"@type":"PropertyValueSpecification","valueRequired":true,"valueName":"search_term_string"}}],"inLanguage":"sl-SI"},{"@type":"Organization","@id":"https:\/\/zaza-lab.com\/#organization","name":"ZAZALAB","url":"https:\/\/zaza-lab.com\/","logo":{"@type":"ImageObject","inLanguage":"sl-SI","@id":"https:\/\/zaza-lab.com\/#\/schema\/logo\/image\/","url":"https:\/\/zaza-lab.com\/wp-content\/uploads\/2023\/02\/zazalab-logo.svg","contentUrl":"https:\/\/zaza-lab.com\/wp-content\/uploads\/2023\/02\/zazalab-logo.svg","width":548,"height":135,"caption":"ZAZALAB"},"image":{"@id":"https:\/\/zaza-lab.com\/#\/schema\/logo\/image\/"}}]}},"_links":{"self":[{"href":"https:\/\/zaza-lab.com\/sl\/wp-json\/wp\/v2\/pages\/668","targetHints":{"allow":["GET"]}}],"collection":[{"href":"https:\/\/zaza-lab.com\/sl\/wp-json\/wp\/v2\/pages"}],"about":[{"href":"https:\/\/zaza-lab.com\/sl\/wp-json\/wp\/v2\/types\/page"}],"author":[{"embeddable":true,"href":"https:\/\/zaza-lab.com\/sl\/wp-json\/wp\/v2\/users\/1"}],"replies":[{"embeddable":true,"href":"https:\/\/zaza-lab.com\/sl\/wp-json\/wp\/v2\/comments?post=668"}],"version-history":[{"count":21,"href":"https:\/\/zaza-lab.com\/sl\/wp-json\/wp\/v2\/pages\/668\/revisions"}],"predecessor-version":[{"id":1242,"href":"https:\/\/zaza-lab.com\/sl\/wp-json\/wp\/v2\/pages\/668\/revisions\/1242"}],"wp:attachment":[{"href":"https:\/\/zaza-lab.com\/sl\/wp-json\/wp\/v2\/media?parent=668"}],"curies":[{"name":"wp","href":"https:\/\/api.w.org\/{rel}","templated":true}]}}