{"id":650,"date":"2023-08-08T17:51:09","date_gmt":"2023-08-08T17:51:09","guid":{"rendered":"https:\/\/zaza-lab.com\/svetovanje\/"},"modified":"2026-01-10T22:00:12","modified_gmt":"2026-01-10T22:00:12","slug":"svetovanje","status":"publish","type":"page","link":"https:\/\/zaza-lab.com\/sl\/svetovanje\/","title":{"rendered":"SVETOVANJE"},"content":{"rendered":"<p><div class=\"fusion-fullwidth fullwidth-box fusion-builder-row-1 fusion-flex-container has-pattern-background has-mask-background nonhundred-percent-fullwidth non-hundred-percent-height-scrolling\" style=\"--awb-border-radius-top-left:0px;--awb-border-radius-top-right:0px;--awb-border-radius-bottom-right:0px;--awb-border-radius-bottom-left:0px;--awb-padding-top:64px;--awb-padding-bottom:64px;--awb-margin-bottom-medium:80px;--awb-background-color:var(--awb-color2);\" ><div class=\"fusion-builder-row fusion-row fusion-flex-align-items-center fusion-flex-justify-content-center\" style=\"max-width:calc( 1336px + 0px );margin-left: calc(-0px \/ 2 );margin-right: calc(-0px \/ 2 );\"><div class=\"fusion-layout-column fusion_builder_column fusion-builder-column-0 fusion_builder_column_1_2 1_2 fusion-flex-column fusion-animated\" style=\"--awb-padding-right:20px;--awb-padding-left:15%;--awb-padding-left-medium:15%;--awb-padding-left-small:0px;--awb-bg-size:cover;--awb-width-large:50%;--awb-margin-top-large:16px;--awb-spacing-right-large:0;--awb-margin-bottom-large:0px;--awb-spacing-left-large:0;--awb-width-medium:50%;--awb-order-medium:0;--awb-spacing-right-medium:0;--awb-spacing-left-medium:0;--awb-width-small:100%;--awb-order-small:0;--awb-spacing-right-small:0;--awb-margin-bottom-small:60px;--awb-spacing-left-small:0;\" data-animationType=\"fadeInUp\" data-animationDuration=\"1.3\" data-animationOffset=\"top-into-view\"><div class=\"fusion-column-wrapper fusion-column-has-shadow fusion-flex-justify-content-center fusion-content-layout-row\"><div class=\"fusion-title title fusion-title-1 fusion-sep-none fusion-title-center fusion-title-text fusion-title-size-one\" style=\"--awb-margin-bottom:40px;\"><h1 class=\"title-heading-center sm-text-align-left fusion-responsive-typography-calculated\" style=\"margin:0;--fontSize:64;line-height:var(--awb-typography1-line-height);\">SVETOVANJE<\/h1><\/div><div class=\"fusion-text fusion-text-1 sm-text-align-left\" style=\"--awb-content-alignment:center;\"><p><strong>Strokovnjaki ZazaLab vas bodo vodili skozi celoten proces certificiranja, vam pomagali pri pripravi vse potrebne dokumentacije in koordinirali presojo certifikacijskih organov.<\/strong><\/p>\n<\/div><\/div><\/div><\/div><\/div><div id=\"Izvedba-presoj\" class=\"fusion-container-anchor\"><div class=\"fusion-fullwidth fullwidth-box fusion-builder-row-2 fusion-flex-container has-pattern-background has-mask-background nonhundred-percent-fullwidth non-hundred-percent-height-scrolling\" style=\"--awb-border-radius-top-left:0px;--awb-border-radius-top-right:0px;--awb-border-radius-bottom-right:0px;--awb-border-radius-bottom-left:0px;--awb-padding-top:64px;--awb-padding-bottom:64px;--awb-background-color:var(--awb-color1);\" ><div class=\"fusion-builder-row fusion-row fusion-flex-align-items-stretch\" style=\"max-width:calc( 1336px + 48px );margin-left: calc(-48px \/ 2 );margin-right: calc(-48px \/ 2 );\"><div class=\"fusion-layout-column fusion_builder_column fusion-builder-column-1 fusion_builder_column_1_2 1_2 fusion-flex-column\" style=\"--awb-bg-size:cover;--awb-width-large:50%;--awb-margin-top-large:16px;--awb-spacing-right-large:24px;--awb-margin-bottom-large:16px;--awb-spacing-left-large:24px;--awb-width-medium:100%;--awb-order-medium:2;--awb-spacing-right-medium:24px;--awb-spacing-left-medium:24px;--awb-width-small:100%;--awb-order-small:0;--awb-spacing-right-small:24px;--awb-spacing-left-small:24px;\"><div class=\"fusion-column-wrapper fusion-column-has-shadow fusion-flex-justify-content-flex-start fusion-content-layout-column\"><div class=\"fusion-image-element \" style=\"--awb-aspect-ratio:1 \/ 1;--awb-caption-title-size:var(--h2_typography-font-size);--awb-caption-title-transform:var(--h2_typography-text-transform);--awb-caption-title-line-height:var(--h2_typography-line-height);--awb-caption-title-letter-spacing:var(--h2_typography-letter-spacing);\"><span class=\" fusion-imageframe imageframe-none imageframe-1 hover-type-none has-aspect-ratio\"><img decoding=\"async\" width=\"300\" height=\"300\" title=\"Auditor alone\" src=\"https:\/\/zaza-lab.com\/wp-content\/uploads\/2026\/01\/Auditor-alone-300x300.png\" class=\"img-responsive wp-image-1069 img-with-aspect-ratio disable-lazyload\" alt srcset=\"https:\/\/zaza-lab.com\/wp-content\/uploads\/2026\/01\/Auditor-alone-200x200.png 200w, https:\/\/zaza-lab.com\/wp-content\/uploads\/2026\/01\/Auditor-alone-400x400.png 400w, https:\/\/zaza-lab.com\/wp-content\/uploads\/2026\/01\/Auditor-alone-600x600.png 600w, https:\/\/zaza-lab.com\/wp-content\/uploads\/2026\/01\/Auditor-alone-800x800.png 800w, https:\/\/zaza-lab.com\/wp-content\/uploads\/2026\/01\/Auditor-alone.png 1024w\" sizes=\"(max-width: 768px) 100vw, 800px\" \/><\/span><\/div><\/div><\/div><div class=\"fusion-layout-column fusion_builder_column fusion-builder-column-2 fusion_builder_column_1_2 1_2 fusion-flex-column\" style=\"--awb-bg-size:cover;--awb-width-large:50%;--awb-margin-top-large:16px;--awb-spacing-right-large:24px;--awb-margin-bottom-large:16px;--awb-spacing-left-large:24px;--awb-width-medium:50%;--awb-order-medium:0;--awb-spacing-right-medium:24px;--awb-spacing-left-medium:24px;--awb-width-small:100%;--awb-order-small:0;--awb-spacing-right-small:24px;--awb-spacing-left-small:24px;\"><div class=\"fusion-column-wrapper fusion-column-has-shadow fusion-flex-justify-content-center fusion-content-layout-column\"><div class=\"fusion-title title fusion-title-2 fusion-sep-none fusion-title-text fusion-title-size-three\" style=\"--awb-margin-bottom:35px;\"><h3 class=\"title-heading-left fusion-responsive-typography-calculated\" style=\"margin:0;--fontSize:36;line-height:var(--awb-typography1-line-height);\">Izvedba presoj<\/h3><\/div><div class=\"fusion-text fusion-text-2\"><p>Strokovnjaki ZazaLab vam lahko pomagajo tudi pri organizaciji presoj!<\/p>\n<p>Ne glede na to, ali i\u0161\u010dete strokovnjake za izvedbo notranje presoje v va\u0161em podjetju (za preverjanje, ali je va\u0161a organizacija a\u017eurna in skladna z vsemi zakonskimi ali standardnimi zahtevami), ali pa strokovnjake za izvedbo zunanje presoje pri va\u0161em dobavitelju (za preverjanje, ali je skladen z vsemi zahtevami va\u0161e organizacije), je ZazaLab tim tukaj za vas!<\/p>\n<\/div><div class=\"fusion-text fusion-text-3\" style=\"--awb-margin-top:50px;\"><p>Za ve\u010d informacij nam pi\u0161ite!<\/p>\n<\/div><div ><a class=\"fusion-button button-flat fusion-button-default-size button-default fusion-button-default button-1 fusion-button-default-span fusion-button-default-type\" target=\"_self\" href=\"https:\/\/zaza-lab.com\/sl\/kontakt\/\"><span class=\"fusion-button-text\">Kontaktirajte nas<\/span><\/a><\/div><\/div><\/div><\/div><\/div><\/div><div id=\"GMP-ISO\" class=\"fusion-container-anchor\"><div class=\"fusion-fullwidth fullwidth-box fusion-builder-row-3 fusion-flex-container has-pattern-background has-mask-background nonhundred-percent-fullwidth non-hundred-percent-height-scrolling\" style=\"--awb-border-radius-top-left:0px;--awb-border-radius-top-right:0px;--awb-border-radius-bottom-right:0px;--awb-border-radius-bottom-left:0px;--awb-padding-top:64px;--awb-padding-bottom:64px;--awb-background-color:var(--awb-color1);\" ><div class=\"fusion-builder-row fusion-row fusion-flex-align-items-stretch\" style=\"max-width:calc( 1336px + 48px );margin-left: calc(-48px \/ 2 );margin-right: calc(-48px \/ 2 );\"><div class=\"fusion-layout-column fusion_builder_column fusion-builder-column-3 fusion_builder_column_1_2 1_2 fusion-flex-column\" style=\"--awb-bg-size:cover;--awb-width-large:50%;--awb-margin-top-large:16px;--awb-spacing-right-large:24px;--awb-margin-bottom-large:16px;--awb-spacing-left-large:24px;--awb-width-medium:50%;--awb-order-medium:0;--awb-spacing-right-medium:24px;--awb-spacing-left-medium:24px;--awb-width-small:100%;--awb-order-small:0;--awb-spacing-right-small:24px;--awb-spacing-left-small:24px;\"><div class=\"fusion-column-wrapper fusion-column-has-shadow fusion-flex-justify-content-center fusion-content-layout-column\"><div class=\"fusion-title title fusion-title-3 fusion-sep-none fusion-title-text fusion-title-size-three\" style=\"--awb-margin-bottom:35px;\"><h3 class=\"title-heading-left fusion-responsive-typography-calculated\" style=\"margin:0;--fontSize:36;line-height:var(--awb-typography1-line-height);\">GMP\/ISO 22716:2007<\/h3><\/div><div class=\"fusion-text fusion-text-4\"><p>Proizvajalci kozmetike v Evropi so dol\u017eni upo\u0161tevati smernice dobre proizvodne prakse (na kratko GMP) za kozmetiko. Te smernice so zasnovane tako, da pomagajo podjetjem prepoznati in zmanj\u0161ati tveganja, povezana s proizvodnjo, ki lahko vplivajo na varnost in kakovost izdelkov. V Evropski kozmeti\u010dni uredbi (EC 1223\/2009) je navedeno, da mora vsak kozmeti\u010dni izdelek, ki je namenjen prodaji na trgu EU, upo\u0161tevati smernice GMP kozmeti\u010dnih izdelkov, kot jih dolo\u010da ISO 22716.<\/p>\n<p>Proizvajalci kozmetike niso dol\u017eni certificirati svojega poslovanja po standardu ISO 22716, vendar morajo spo\u0161tovati njegove zahteve. Kljub temu se \u0161tevilni proizvajalci kozmetike \u0161e vedno odlo\u010dajo za certificiranje svojih podjetij po standardu ISO 22716, da bi se razlikovali od konkurence in svojim strankam dokazali svojo predanost, visoke standarde kakovosti in dobre prakse upravljanja v svoji organizaciji.<\/p>\n<\/div><div class=\"fusion-text fusion-text-5\" style=\"--awb-margin-top:50px;\"><p><strong>ZazaLab strokovnjaki vam lahko pomagajo pridobiti ISO 22716 certifikat! Strokovnjaki ZazaLab vas bodo vodili skozi celoten proces certificiranja, vam pomagali pri pripravi vse potrebne dokumentacije in koordinirali presojo certifikacijskih organov.<\/strong><\/p>\n<p><strong><a href=\"https:\/\/zaza-lab.com\/sl\/kontakt\/\"><span style=\"text-decoration: underline;\">Kontaktirajte nas <\/span><\/a>za ve\u010d informacij!<\/strong><\/p>\n<\/div><div ><a class=\"fusion-button button-flat fusion-button-default-size button-default fusion-button-default button-2 fusion-button-default-span fusion-button-default-type\" target=\"_self\" href=\"https:\/\/zaza-lab.com\/sl\/kontakt\/\"><span class=\"fusion-button-text\">Kontaktirajte nas<\/span><\/a><\/div><\/div><\/div><div class=\"fusion-layout-column fusion_builder_column fusion-builder-column-4 fusion_builder_column_1_2 1_2 fusion-flex-column\" style=\"--awb-bg-size:cover;--awb-width-large:50%;--awb-margin-top-large:16px;--awb-spacing-right-large:24px;--awb-margin-bottom-large:16px;--awb-spacing-left-large:24px;--awb-width-medium:100%;--awb-order-medium:2;--awb-spacing-right-medium:24px;--awb-spacing-left-medium:24px;--awb-width-small:100%;--awb-order-small:0;--awb-spacing-right-small:24px;--awb-spacing-left-small:24px;\"><div class=\"fusion-column-wrapper fusion-column-has-shadow fusion-flex-justify-content-flex-start fusion-content-layout-column\"><div class=\"fusion-image-element \" style=\"--awb-aspect-ratio:1 \/ 1;--awb-caption-title-size:var(--h2_typography-font-size);--awb-caption-title-transform:var(--h2_typography-text-transform);--awb-caption-title-line-height:var(--h2_typography-line-height);--awb-caption-title-letter-spacing:var(--h2_typography-letter-spacing);\"><span class=\" fusion-imageframe imageframe-none imageframe-2 hover-type-none has-aspect-ratio\"><img decoding=\"async\" width=\"300\" height=\"300\" title=\"Auditor combined\" src=\"https:\/\/zaza-lab.com\/wp-content\/uploads\/2026\/01\/Auditor-combined-300x300.png\" class=\"img-responsive wp-image-1064 img-with-aspect-ratio disable-lazyload\" alt srcset=\"https:\/\/zaza-lab.com\/wp-content\/uploads\/2026\/01\/Auditor-combined-200x200.png 200w, https:\/\/zaza-lab.com\/wp-content\/uploads\/2026\/01\/Auditor-combined-400x400.png 400w, https:\/\/zaza-lab.com\/wp-content\/uploads\/2026\/01\/Auditor-combined-600x600.png 600w, https:\/\/zaza-lab.com\/wp-content\/uploads\/2026\/01\/Auditor-combined-800x800.png 800w, https:\/\/zaza-lab.com\/wp-content\/uploads\/2026\/01\/Auditor-combined.png 1024w\" sizes=\"(max-width: 768px) 100vw, 800px\" \/><\/span><\/div><\/div><\/div><\/div><\/div><\/div><div id=\"Naravna-in-organska-kozmetika\" class=\"fusion-container-anchor\"><div class=\"fusion-fullwidth fullwidth-box fusion-builder-row-4 fusion-flex-container has-pattern-background has-mask-background nonhundred-percent-fullwidth non-hundred-percent-height-scrolling\" style=\"--awb-border-radius-top-left:0px;--awb-border-radius-top-right:0px;--awb-border-radius-bottom-right:0px;--awb-border-radius-bottom-left:0px;--awb-padding-top:64px;--awb-padding-bottom:64px;--awb-background-color:var(--awb-color2);\" ><div class=\"fusion-builder-row fusion-row fusion-flex-align-items-stretch\" style=\"max-width:calc( 1336px + 48px );margin-left: calc(-48px \/ 2 );margin-right: calc(-48px \/ 2 );\"><div class=\"fusion-layout-column fusion_builder_column fusion-builder-column-5 fusion_builder_column_1_2 1_2 fusion-flex-column\" style=\"--awb-bg-size:cover;--awb-width-large:50%;--awb-margin-top-large:16px;--awb-spacing-right-large:24px;--awb-margin-bottom-large:16px;--awb-spacing-left-large:24px;--awb-width-medium:100%;--awb-order-medium:2;--awb-spacing-right-medium:24px;--awb-spacing-left-medium:24px;--awb-width-small:100%;--awb-order-small:0;--awb-spacing-right-small:24px;--awb-spacing-left-small:24px;\"><div class=\"fusion-column-wrapper fusion-column-has-shadow fusion-flex-justify-content-flex-start fusion-content-layout-column\"><div class=\"fusion-image-element \" style=\"--awb-aspect-ratio:1 \/ 1;--awb-caption-title-size:var(--h2_typography-font-size);--awb-caption-title-transform:var(--h2_typography-text-transform);--awb-caption-title-line-height:var(--h2_typography-line-height);--awb-caption-title-letter-spacing:var(--h2_typography-letter-spacing);\"><span class=\" fusion-imageframe imageframe-none imageframe-3 hover-type-none has-aspect-ratio\"><img decoding=\"async\" width=\"300\" height=\"169\" title=\"gmpiso-zazalab\" src=\"https:\/\/zaza-lab.com\/wp-content\/uploads\/2023\/08\/gmpiso-zazalab-300x169.jpg\" class=\"img-responsive wp-image-452 img-with-aspect-ratio disable-lazyload\" alt srcset=\"https:\/\/zaza-lab.com\/wp-content\/uploads\/2023\/08\/gmpiso-zazalab-200x113.jpg 200w, https:\/\/zaza-lab.com\/wp-content\/uploads\/2023\/08\/gmpiso-zazalab-400x225.jpg 400w, https:\/\/zaza-lab.com\/wp-content\/uploads\/2023\/08\/gmpiso-zazalab-600x338.jpg 600w, https:\/\/zaza-lab.com\/wp-content\/uploads\/2023\/08\/gmpiso-zazalab-800x450.jpg 800w, https:\/\/zaza-lab.com\/wp-content\/uploads\/2023\/08\/gmpiso-zazalab-1200x675.jpg 1200w, https:\/\/zaza-lab.com\/wp-content\/uploads\/2023\/08\/gmpiso-zazalab.jpg 1920w\" sizes=\"(max-width: 768px) 100vw, 800px\" \/><\/span><\/div><\/div><\/div><div class=\"fusion-layout-column fusion_builder_column fusion-builder-column-6 fusion_builder_column_1_2 1_2 fusion-flex-column\" style=\"--awb-bg-size:cover;--awb-width-large:50%;--awb-margin-top-large:16px;--awb-spacing-right-large:24px;--awb-margin-bottom-large:16px;--awb-spacing-left-large:24px;--awb-width-medium:50%;--awb-order-medium:0;--awb-spacing-right-medium:24px;--awb-spacing-left-medium:24px;--awb-width-small:100%;--awb-order-small:0;--awb-spacing-right-small:24px;--awb-spacing-left-small:24px;\"><div class=\"fusion-column-wrapper fusion-column-has-shadow fusion-flex-justify-content-center fusion-content-layout-column\"><div class=\"fusion-title title fusion-title-4 fusion-sep-none fusion-title-text fusion-title-size-three\" style=\"--awb-margin-bottom:35px;\"><h3 class=\"title-heading-left fusion-responsive-typography-calculated\" style=\"margin:0;--fontSize:36;line-height:var(--awb-typography1-line-height);\">Naravna in organska kozmetika<\/h3><\/div><div class=\"fusion-text fusion-text-6\"><p>Vse ve\u010d kupcev se zaveda \u0161kodljivih u\u010dinkov dolo\u010denih kemikalij na na\u0161e vsakdanje \u017eivljenje in i\u0161\u010de bolj naravne, ekolo\u0161ke re\u0161itve tudi ko gre za kozmeti\u010dne izdelke. Naravna in organska kozmetika je v zadnjih nekaj letih do\u017eivela izjemno rast, zato se \u0161tevilni proizvajalci odlo\u010dajo za certificiranje svojih kozmeti\u010dnih izdelkov kot naravnih in\/ali organskih, da bi pridobili konkuren\u010dno prednost.<\/p>\n<p>Za naravno in organsko kozmetiko je na voljo veliko razli\u010dnih certifikatov, vsak s svojimi zahtevami in preferencami glede na posamezne dr\u017eave. Do danes eden najbolj priljubljenih certifikatov ostaja COSMOS Ecocert certifikat.<\/p>\n<p><strong>V ZazaLabu vam lahko pomagamo pri pridobitvi certifikata za naravno in\/ali organsko kozmetiko! Strokovnjaki ZazaLab vas bodo vodili skozi celoten proces certificiranja, vam pomagali pri pripravi vse potrebne dokumentacije in koordinirali presojo certifikacijskih organov.<\/strong><\/p>\n<p><strong><a href=\"https:\/\/zaza-lab.com\/sl\/kontakt\/\"><span style=\"text-decoration: underline;\">Kontaktirajte nas <\/span><\/a>za ve\u010d informacij!<\/strong><\/p>\n<\/div><div ><a class=\"fusion-button button-flat fusion-button-default-size button-default fusion-button-default button-3 fusion-button-default-span fusion-button-default-type\" target=\"_self\" href=\"https:\/\/zaza-lab.com\/sl\/kontakt\/\"><span class=\"fusion-button-text\">Kontaktirajte nas<\/span><\/a><\/div><\/div><\/div><\/div><\/div><\/div><\/p>\n","protected":false},"excerpt":{"rendered":"","protected":false},"author":1,"featured_media":0,"parent":0,"menu_order":0,"comment_status":"closed","ping_status":"closed","template":"100-width.php","meta":{"footnotes":""},"class_list":["post-650","page","type-page","status-publish","hentry"],"yoast_head":"<!-- This site is optimized with the Yoast SEO plugin v25.6 - https:\/\/yoast.com\/wordpress\/plugins\/seo\/ -->\n<title>SVETOVANJE - ZAZALAB<\/title>\n<meta name=\"robots\" content=\"index, follow, max-snippet:-1, max-image-preview:large, max-video-preview:-1\" \/>\n<link rel=\"canonical\" href=\"https:\/\/zaza-lab.com\/sl\/svetovanje\/\" \/>\n<meta property=\"og:locale\" content=\"sl_SI\" \/>\n<meta property=\"og:type\" content=\"article\" \/>\n<meta property=\"og:title\" content=\"SVETOVANJE - ZAZALAB\" \/>\n<meta property=\"og:url\" content=\"https:\/\/zaza-lab.com\/sl\/svetovanje\/\" \/>\n<meta property=\"og:site_name\" content=\"ZAZALAB\" \/>\n<meta property=\"article:modified_time\" content=\"2026-01-10T22:00:12+00:00\" \/>\n<meta name=\"twitter:card\" content=\"summary_large_image\" \/>\n<meta name=\"twitter:label1\" content=\"Est. reading time\" \/>\n\t<meta name=\"twitter:data1\" content=\"14 minut\" \/>\n<script type=\"application\/ld+json\" class=\"yoast-schema-graph\">{\"@context\":\"https:\/\/schema.org\",\"@graph\":[{\"@type\":\"WebPage\",\"@id\":\"https:\/\/zaza-lab.com\/sl\/svetovanje\/\",\"url\":\"https:\/\/zaza-lab.com\/sl\/svetovanje\/\",\"name\":\"SVETOVANJE - ZAZALAB\",\"isPartOf\":{\"@id\":\"https:\/\/zaza-lab.com\/#website\"},\"datePublished\":\"2023-08-08T17:51:09+00:00\",\"dateModified\":\"2026-01-10T22:00:12+00:00\",\"breadcrumb\":{\"@id\":\"https:\/\/zaza-lab.com\/sl\/svetovanje\/#breadcrumb\"},\"inLanguage\":\"sl-SI\",\"potentialAction\":[{\"@type\":\"ReadAction\",\"target\":[\"https:\/\/zaza-lab.com\/sl\/svetovanje\/\"]}]},{\"@type\":\"BreadcrumbList\",\"@id\":\"https:\/\/zaza-lab.com\/sl\/svetovanje\/#breadcrumb\",\"itemListElement\":[{\"@type\":\"ListItem\",\"position\":1,\"name\":\"Home\",\"item\":\"https:\/\/zaza-lab.com\/sl\/\"},{\"@type\":\"ListItem\",\"position\":2,\"name\":\"SVETOVANJE\"}]},{\"@type\":\"WebSite\",\"@id\":\"https:\/\/zaza-lab.com\/#website\",\"url\":\"https:\/\/zaza-lab.com\/\",\"name\":\"ZAZALAB\",\"description\":\"One place. Many solutions.\",\"publisher\":{\"@id\":\"https:\/\/zaza-lab.com\/#organization\"},\"potentialAction\":[{\"@type\":\"SearchAction\",\"target\":{\"@type\":\"EntryPoint\",\"urlTemplate\":\"https:\/\/zaza-lab.com\/?s={search_term_string}\"},\"query-input\":{\"@type\":\"PropertyValueSpecification\",\"valueRequired\":true,\"valueName\":\"search_term_string\"}}],\"inLanguage\":\"sl-SI\"},{\"@type\":\"Organization\",\"@id\":\"https:\/\/zaza-lab.com\/#organization\",\"name\":\"ZAZALAB\",\"url\":\"https:\/\/zaza-lab.com\/\",\"logo\":{\"@type\":\"ImageObject\",\"inLanguage\":\"sl-SI\",\"@id\":\"https:\/\/zaza-lab.com\/#\/schema\/logo\/image\/\",\"url\":\"https:\/\/zaza-lab.com\/wp-content\/uploads\/2023\/02\/zazalab-logo.svg\",\"contentUrl\":\"https:\/\/zaza-lab.com\/wp-content\/uploads\/2023\/02\/zazalab-logo.svg\",\"width\":548,\"height\":135,\"caption\":\"ZAZALAB\"},\"image\":{\"@id\":\"https:\/\/zaza-lab.com\/#\/schema\/logo\/image\/\"}}]}<\/script>\n<!-- \/ Yoast SEO plugin. -->","yoast_head_json":{"title":"SVETOVANJE - ZAZALAB","robots":{"index":"index","follow":"follow","max-snippet":"max-snippet:-1","max-image-preview":"max-image-preview:large","max-video-preview":"max-video-preview:-1"},"canonical":"https:\/\/zaza-lab.com\/sl\/svetovanje\/","og_locale":"sl_SI","og_type":"article","og_title":"SVETOVANJE - ZAZALAB","og_url":"https:\/\/zaza-lab.com\/sl\/svetovanje\/","og_site_name":"ZAZALAB","article_modified_time":"2026-01-10T22:00:12+00:00","twitter_card":"summary_large_image","twitter_misc":{"Est. reading time":"14 minut"},"schema":{"@context":"https:\/\/schema.org","@graph":[{"@type":"WebPage","@id":"https:\/\/zaza-lab.com\/sl\/svetovanje\/","url":"https:\/\/zaza-lab.com\/sl\/svetovanje\/","name":"SVETOVANJE - ZAZALAB","isPartOf":{"@id":"https:\/\/zaza-lab.com\/#website"},"datePublished":"2023-08-08T17:51:09+00:00","dateModified":"2026-01-10T22:00:12+00:00","breadcrumb":{"@id":"https:\/\/zaza-lab.com\/sl\/svetovanje\/#breadcrumb"},"inLanguage":"sl-SI","potentialAction":[{"@type":"ReadAction","target":["https:\/\/zaza-lab.com\/sl\/svetovanje\/"]}]},{"@type":"BreadcrumbList","@id":"https:\/\/zaza-lab.com\/sl\/svetovanje\/#breadcrumb","itemListElement":[{"@type":"ListItem","position":1,"name":"Home","item":"https:\/\/zaza-lab.com\/sl\/"},{"@type":"ListItem","position":2,"name":"SVETOVANJE"}]},{"@type":"WebSite","@id":"https:\/\/zaza-lab.com\/#website","url":"https:\/\/zaza-lab.com\/","name":"ZAZALAB","description":"One place. Many solutions.","publisher":{"@id":"https:\/\/zaza-lab.com\/#organization"},"potentialAction":[{"@type":"SearchAction","target":{"@type":"EntryPoint","urlTemplate":"https:\/\/zaza-lab.com\/?s={search_term_string}"},"query-input":{"@type":"PropertyValueSpecification","valueRequired":true,"valueName":"search_term_string"}}],"inLanguage":"sl-SI"},{"@type":"Organization","@id":"https:\/\/zaza-lab.com\/#organization","name":"ZAZALAB","url":"https:\/\/zaza-lab.com\/","logo":{"@type":"ImageObject","inLanguage":"sl-SI","@id":"https:\/\/zaza-lab.com\/#\/schema\/logo\/image\/","url":"https:\/\/zaza-lab.com\/wp-content\/uploads\/2023\/02\/zazalab-logo.svg","contentUrl":"https:\/\/zaza-lab.com\/wp-content\/uploads\/2023\/02\/zazalab-logo.svg","width":548,"height":135,"caption":"ZAZALAB"},"image":{"@id":"https:\/\/zaza-lab.com\/#\/schema\/logo\/image\/"}}]}},"_links":{"self":[{"href":"https:\/\/zaza-lab.com\/sl\/wp-json\/wp\/v2\/pages\/650","targetHints":{"allow":["GET"]}}],"collection":[{"href":"https:\/\/zaza-lab.com\/sl\/wp-json\/wp\/v2\/pages"}],"about":[{"href":"https:\/\/zaza-lab.com\/sl\/wp-json\/wp\/v2\/types\/page"}],"author":[{"embeddable":true,"href":"https:\/\/zaza-lab.com\/sl\/wp-json\/wp\/v2\/users\/1"}],"replies":[{"embeddable":true,"href":"https:\/\/zaza-lab.com\/sl\/wp-json\/wp\/v2\/comments?post=650"}],"version-history":[{"count":31,"href":"https:\/\/zaza-lab.com\/sl\/wp-json\/wp\/v2\/pages\/650\/revisions"}],"predecessor-version":[{"id":1257,"href":"https:\/\/zaza-lab.com\/sl\/wp-json\/wp\/v2\/pages\/650\/revisions\/1257"}],"wp:attachment":[{"href":"https:\/\/zaza-lab.com\/sl\/wp-json\/wp\/v2\/media?parent=650"}],"curies":[{"name":"wp","href":"https:\/\/api.w.org\/{rel}","templated":true}]}}